{"id":342155,"date":"2024-10-31T10:30:21","date_gmt":"2024-10-31T09:30:21","guid":{"rendered":"https:\/\/www.arclite-shop.de\/produkt\/73-28001234\/"},"modified":"2026-04-18T17:20:39","modified_gmt":"2026-04-18T15:20:39","slug":"73-28001234","status":"publish","type":"product","link":"https:\/\/www.arclite-shop.de\/fr\/produkt\/73-28001234\/","title":{"rendered":"TRIDONIC LED Driver Tension constante LCU 48V 150W DC-STR FO LP 28001234"},"content":{"rendered":"<p>Fixed-Output-DC-String-Konstantspannungs-LED-Treiber f\u00fcr den Leuchteneinbau, Kompatibel mit anderen DC-String Komponenten, Max. Ausgangsleistung 150 W, Bis zu 93 % Effizienz, Nominale Lebensdauer bis zu 50.000 h, F\u00fcr Leuchten der Schutzklasse I und der Schutzklasse II, Temperaturschutz gem\u00e4\u00df EN 61347-2-13 C5e, 5 Jahre Garantie, \u201eLow profile\u201c-Metallgeh\u00e4use mit wei\u00dfem Oberteil, Schutzart IP20, DC-String kompatibel, Intelligent Temperature Guard (thermische Schutzvorrichtung), Kurzschlussschutz, \u00dcberlastschutz<\/p>\n","protected":false},"excerpt":{"rendered":"<p>Fixed-Output-DC-String-Konstantspannungs-LED-Treiber f\u00fcr den Leuchteneinbau, Kompatibel mit anderen DC-String Komponenten, Max. Ausgangsleistung 150 W, Bis zu 93 % Effizienz, Nominale Lebensdauer bis zu 50.000 h, F\u00fcr Leuchten der Schutzklasse I und der Schutzklasse II, Temperaturschutz gem\u00e4\u00df EN 61347-2-13 C5e, 5 Jahre<span class=\"excerpt-hellip\"> [\u2026]<\/span><\/p>\n","protected":false},"featured_media":369179,"template":"","meta":[],"product_brand":[],"product_cat":[84631],"product_tag":[],"class_list":{"0":"post-342155","1":"product","2":"type-product","3":"status-publish","4":"has-post-thumbnail","6":"product_cat-led-betriebsgeraet","8":"first","9":"instock","10":"taxable","11":"shipping-taxable","12":"product-type-simple"},"_links":{"self":[{"href":"https:\/\/www.arclite-shop.de\/fr\/wp-json\/wp\/v2\/product\/342155","targetHints":{"allow":["GET"]}}],"collection":[{"href":"https:\/\/www.arclite-shop.de\/fr\/wp-json\/wp\/v2\/product"}],"about":[{"href":"https:\/\/www.arclite-shop.de\/fr\/wp-json\/wp\/v2\/types\/product"}],"wp:featuredmedia":[{"embeddable":true,"href":"https:\/\/www.arclite-shop.de\/fr\/wp-json\/wp\/v2\/media\/369179"}],"wp:attachment":[{"href":"https:\/\/www.arclite-shop.de\/fr\/wp-json\/wp\/v2\/media?parent=342155"}],"wp:term":[{"taxonomy":"product_brand","embeddable":true,"href":"https:\/\/www.arclite-shop.de\/fr\/wp-json\/wp\/v2\/product_brand?post=342155"},{"taxonomy":"product_cat","embeddable":true,"href":"https:\/\/www.arclite-shop.de\/fr\/wp-json\/wp\/v2\/product_cat?post=342155"},{"taxonomy":"product_tag","embeddable":true,"href":"https:\/\/www.arclite-shop.de\/fr\/wp-json\/wp\/v2\/product_tag?post=342155"}],"curies":[{"name":"wp","href":"https:\/\/api.w.org\/{rel}","templated":true}]}}