{"id":342108,"date":"2024-10-31T10:29:54","date_gmt":"2024-10-31T09:29:54","guid":{"rendered":"https:\/\/www.arclite-shop.de\/produkt\/73-87500272\/"},"modified":"2026-04-18T17:21:54","modified_gmt":"2026-04-18T15:21:54","slug":"73-87500272","status":"publish","type":"product","link":"https:\/\/www.arclite-shop.de\/fr\/produkt\/73-87500272\/","title":{"rendered":"Pilote LED TRIDONIC Courant constant LCI 150W  50mA TEC C 87500272"},"content":{"rendered":"<p>Fixed-Output-LED-Treiber f\u00fcr den Leuchteneinbau, Konstantstrom-LED-Treiber, Ausgangsstrom 1.750, 2.100 oder 2.450 mA, Max. Ausgangsleistung 150 W, Nominale Lebensdauer bis zu 50.000 h, F\u00fcr Leuchten der Schutzklasse I und der Schutzklasse II, Temperaturschutz gem\u00e4\u00df EN 61347-2-13 C5e, 5 Jahre Garantie, Geh\u00e4use: Polycarbonat, wei\u00df, Lackiert f\u00fcr h\u00f6heren Schutz gegen Feuchtigkeit, Schutzart IP20, \u00dcbertemperaturschutz, \u00dcberlastschutz, Kurzschlussschutz, Leerlaufschutz, Schutz gegen Burst-Spannungen bis zu 2 kV, Schutz gegen Surge-Spannungen bis zu 2 kV (zwischen L und N), Schutz gegen Surge-Spannungen bis zu 4 kV (zwischen L\/N und Erde)<\/p>\n","protected":false},"excerpt":{"rendered":"<p>Fixed-Output-LED-Treiber f\u00fcr den Leuchteneinbau, Konstantstrom-LED-Treiber, Ausgangsstrom 1.750, 2.100 oder 2.450 mA, Max. Ausgangsleistung 150 W, Nominale Lebensdauer bis zu 50.000 h, F\u00fcr Leuchten der Schutzklasse I und der Schutzklasse II, Temperaturschutz gem\u00e4\u00df EN 61347-2-13 C5e, 5 Jahre Garantie, Geh\u00e4use: Polycarbonat,<span class=\"excerpt-hellip\"> [\u2026]<\/span><\/p>\n","protected":false},"featured_media":369235,"template":"","meta":[],"product_brand":[],"product_cat":[84631],"product_tag":[],"class_list":{"0":"post-342108","1":"product","2":"type-product","3":"status-publish","4":"has-post-thumbnail","6":"product_cat-led-betriebsgeraet","8":"first","9":"instock","10":"taxable","11":"shipping-taxable","12":"product-type-simple"},"_links":{"self":[{"href":"https:\/\/www.arclite-shop.de\/fr\/wp-json\/wp\/v2\/product\/342108","targetHints":{"allow":["GET"]}}],"collection":[{"href":"https:\/\/www.arclite-shop.de\/fr\/wp-json\/wp\/v2\/product"}],"about":[{"href":"https:\/\/www.arclite-shop.de\/fr\/wp-json\/wp\/v2\/types\/product"}],"wp:featuredmedia":[{"embeddable":true,"href":"https:\/\/www.arclite-shop.de\/fr\/wp-json\/wp\/v2\/media\/369235"}],"wp:attachment":[{"href":"https:\/\/www.arclite-shop.de\/fr\/wp-json\/wp\/v2\/media?parent=342108"}],"wp:term":[{"taxonomy":"product_brand","embeddable":true,"href":"https:\/\/www.arclite-shop.de\/fr\/wp-json\/wp\/v2\/product_brand?post=342108"},{"taxonomy":"product_cat","embeddable":true,"href":"https:\/\/www.arclite-shop.de\/fr\/wp-json\/wp\/v2\/product_cat?post=342108"},{"taxonomy":"product_tag","embeddable":true,"href":"https:\/\/www.arclite-shop.de\/fr\/wp-json\/wp\/v2\/product_tag?post=342108"}],"curies":[{"name":"wp","href":"https:\/\/api.w.org\/{rel}","templated":true}]}}