{"id":342102,"date":"2024-10-31T10:29:50","date_gmt":"2024-10-31T09:29:50","guid":{"rendered":"https:\/\/www.arclite-shop.de\/produkt\/73-89800307\/"},"modified":"2026-04-18T17:22:06","modified_gmt":"2026-04-18T15:22:06","slug":"73-89800307","status":"publish","type":"product","link":"https:\/\/www.arclite-shop.de\/fr\/produkt\/73-89800307\/","title":{"rendered":"TRIDONIC LED Driver \u00e0 courant constant LCBI 25W 700mA BASIC phase-cut SR 89800307"},"content":{"rendered":"<p>Dimmbar mittels Phasenan- und Phasenabschnittsdimmer, Ausgang wird analog gedimmt (Stromamplitude), Dimmbereich typ. 5 \u2013 100 % (abh\u00e4ngig vom Dimmer), Schutzart IP20, Schraubklemme, Anschlusskabel, Leitungsquerschnitt 0, 5 \u2013 2, 5 mm\u00b2, SELV, 700 mA Ausgangsstrom, Ausgangsleistung 25 W, Nominale Lebensdauer bis zu 50.000 h (bei ta 50 \u00b0C und einer Fehlerrate von = 0, 2 % pro 1.000 h), 5 Jahre Garantie, Geh\u00e4use: Polycarbonat, wei\u00df, Kompakte Abmessungen, \u00dcberlastschutz, Kurzschlussschutz, Leerlaufschutz<\/p>\n","protected":false},"excerpt":{"rendered":"<p>Dimmbar mittels Phasenan- und Phasenabschnittsdimmer, Ausgang wird analog gedimmt (Stromamplitude), Dimmbereich typ. 5 \u2013 100 % (abh\u00e4ngig vom Dimmer), Schutzart IP20, Schraubklemme, Anschlusskabel, Leitungsquerschnitt 0, 5 \u2013 2, 5 mm\u00b2, SELV, 700 mA Ausgangsstrom, Ausgangsleistung 25 W, Nominale Lebensdauer bis<span class=\"excerpt-hellip\"> [\u2026]<\/span><\/p>\n","protected":false},"featured_media":369239,"template":"","meta":[],"product_brand":[],"product_cat":[84631],"product_tag":[],"class_list":{"0":"post-342102","1":"product","2":"type-product","3":"status-publish","4":"has-post-thumbnail","6":"product_cat-led-betriebsgeraet","8":"first","9":"instock","10":"taxable","11":"shipping-taxable","12":"product-type-simple"},"_links":{"self":[{"href":"https:\/\/www.arclite-shop.de\/fr\/wp-json\/wp\/v2\/product\/342102","targetHints":{"allow":["GET"]}}],"collection":[{"href":"https:\/\/www.arclite-shop.de\/fr\/wp-json\/wp\/v2\/product"}],"about":[{"href":"https:\/\/www.arclite-shop.de\/fr\/wp-json\/wp\/v2\/types\/product"}],"wp:featuredmedia":[{"embeddable":true,"href":"https:\/\/www.arclite-shop.de\/fr\/wp-json\/wp\/v2\/media\/369239"}],"wp:attachment":[{"href":"https:\/\/www.arclite-shop.de\/fr\/wp-json\/wp\/v2\/media?parent=342102"}],"wp:term":[{"taxonomy":"product_brand","embeddable":true,"href":"https:\/\/www.arclite-shop.de\/fr\/wp-json\/wp\/v2\/product_brand?post=342102"},{"taxonomy":"product_cat","embeddable":true,"href":"https:\/\/www.arclite-shop.de\/fr\/wp-json\/wp\/v2\/product_cat?post=342102"},{"taxonomy":"product_tag","embeddable":true,"href":"https:\/\/www.arclite-shop.de\/fr\/wp-json\/wp\/v2\/product_tag?post=342102"}],"curies":[{"name":"wp","href":"https:\/\/api.w.org\/{rel}","templated":true}]}}