{"id":342092,"date":"2024-10-31T10:29:44","date_gmt":"2024-10-31T09:29:44","guid":{"rendered":"https:\/\/www.arclite-shop.de\/produkt\/73-87500581\/"},"modified":"2026-04-18T17:22:24","modified_gmt":"2026-04-18T15:22:24","slug":"73-87500581","status":"publish","type":"product","link":"https:\/\/www.arclite-shop.de\/fr\/produkt\/73-87500581\/","title":{"rendered":"Pilote LED TRIDONIC \u00e0 courant constant LC 10W  0mA fixC SR SNC 87500581"},"content":{"rendered":"<p>Unabh\u00e4ngiger LED-Treiber mit Kabelklemmen, Extra flache Ausf\u00fchrung f\u00fcr eingeschr\u00e4nkte Einbaubedingungen (kleine Deckenausschnitte und niedrige Deckenhohlr\u00e4ume), F\u00fcr Leuchten mit M und MM gem\u00e4\u00df EN 60598, VDE 0710 und VDE 0711, Temperaturschutz gem\u00e4\u00df EN 61347-2-13 C5e, Ausgangsstrom 250, 350, 500 oder 700 mA, Max. Ausgangsleistung 10 W, Nominale Lebensdauer bis zu 50.000 h, 5 Jahre Garantie, Geh\u00e4use: Polycarbonat, wei\u00df, Schutzart IP20, Steckklemmen, 2 separate Zugentlastungen f\u00fcr Eingangs- und Ausgangskabel mit sehr robusten Klemmen, \u00dcberlastschutz, Kurzschlussschutz, Leerlaufschutz, Kein \u00dcberschwingen des Ausgangsstromes bei ein- oder ausgeschaltetem Netz<\/p>\n","protected":false},"excerpt":{"rendered":"<p>Unabh\u00e4ngiger LED-Treiber mit Kabelklemmen, Extra flache Ausf\u00fchrung f\u00fcr eingeschr\u00e4nkte Einbaubedingungen (kleine Deckenausschnitte und niedrige Deckenhohlr\u00e4ume), F\u00fcr Leuchten mit M und MM gem\u00e4\u00df EN 60598, VDE 0710 und VDE 0711, Temperaturschutz gem\u00e4\u00df EN 61347-2-13 C5e, Ausgangsstrom 250, 350, 500 oder 700<span class=\"excerpt-hellip\"> [\u2026]<\/span><\/p>\n","protected":false},"featured_media":369137,"template":"","meta":[],"product_brand":[],"product_cat":[84631],"product_tag":[],"class_list":{"0":"post-342092","1":"product","2":"type-product","3":"status-publish","4":"has-post-thumbnail","6":"product_cat-led-betriebsgeraet","8":"first","9":"instock","10":"taxable","11":"shipping-taxable","12":"product-type-simple"},"_links":{"self":[{"href":"https:\/\/www.arclite-shop.de\/fr\/wp-json\/wp\/v2\/product\/342092","targetHints":{"allow":["GET"]}}],"collection":[{"href":"https:\/\/www.arclite-shop.de\/fr\/wp-json\/wp\/v2\/product"}],"about":[{"href":"https:\/\/www.arclite-shop.de\/fr\/wp-json\/wp\/v2\/types\/product"}],"wp:featuredmedia":[{"embeddable":true,"href":"https:\/\/www.arclite-shop.de\/fr\/wp-json\/wp\/v2\/media\/369137"}],"wp:attachment":[{"href":"https:\/\/www.arclite-shop.de\/fr\/wp-json\/wp\/v2\/media?parent=342092"}],"wp:term":[{"taxonomy":"product_brand","embeddable":true,"href":"https:\/\/www.arclite-shop.de\/fr\/wp-json\/wp\/v2\/product_brand?post=342092"},{"taxonomy":"product_cat","embeddable":true,"href":"https:\/\/www.arclite-shop.de\/fr\/wp-json\/wp\/v2\/product_cat?post=342092"},{"taxonomy":"product_tag","embeddable":true,"href":"https:\/\/www.arclite-shop.de\/fr\/wp-json\/wp\/v2\/product_tag?post=342092"}],"curies":[{"name":"wp","href":"https:\/\/api.w.org\/{rel}","templated":true}]}}