{"id":342089,"date":"2024-10-31T10:29:41","date_gmt":"2024-10-31T09:29:41","guid":{"rendered":"https:\/\/www.arclite-shop.de\/produkt\/73-24166332\/"},"modified":"2026-04-18T17:22:35","modified_gmt":"2026-04-18T15:22:35","slug":"73-24166332","status":"publish","type":"product","link":"https:\/\/www.arclite-shop.de\/fr\/produkt\/73-24166332\/","title":{"rendered":"TRIDONIC LED Driver \u00e0 tension constante LCU 150\/12 E020 24166332"},"content":{"rendered":"<p>Konstantspannungs-LED-Treiber, Universaler Eingangsspannungsbereich, Konstante Ausgangsspannung, Nominale Lebensdauer bis zu 50.000 h (bei ta 40 \u00b0C und einer Fehlerrate von = 0, 2 % pro 1.000 h), 5 Jahre Garantie, Erf\u00fcllt Klasse C von Minimal- bis Maximallastbereich gem\u00e4\u00df EN 61000-3-2, Hohe Effizienz, Geringe Verlustleistung, \u00dcbertemperatur- und \u00dcberlastschutz, Kurzschlussabschaltung mit automatischem Neustart, Schutzklasse II, SELV, Schutzart IP20, Kunststoffgeh\u00e4use wei\u00df<\/p>\n","protected":false},"excerpt":{"rendered":"<p>Konstantspannungs-LED-Treiber, Universaler Eingangsspannungsbereich, Konstante Ausgangsspannung, Nominale Lebensdauer bis zu 50.000 h (bei ta 40 \u00b0C und einer Fehlerrate von = 0, 2 % pro 1.000 h), 5 Jahre Garantie, Erf\u00fcllt Klasse C von Minimal- bis Maximallastbereich gem\u00e4\u00df EN 61000-3-2, Hohe<span class=\"excerpt-hellip\"> [\u2026]<\/span><\/p>\n","protected":false},"featured_media":369253,"template":"","meta":[],"product_brand":[],"product_cat":[84631],"product_tag":[],"class_list":{"0":"post-342089","1":"product","2":"type-product","3":"status-publish","4":"has-post-thumbnail","6":"product_cat-led-betriebsgeraet","8":"first","9":"instock","10":"taxable","11":"shipping-taxable","12":"product-type-simple"},"_links":{"self":[{"href":"https:\/\/www.arclite-shop.de\/fr\/wp-json\/wp\/v2\/product\/342089","targetHints":{"allow":["GET"]}}],"collection":[{"href":"https:\/\/www.arclite-shop.de\/fr\/wp-json\/wp\/v2\/product"}],"about":[{"href":"https:\/\/www.arclite-shop.de\/fr\/wp-json\/wp\/v2\/types\/product"}],"wp:featuredmedia":[{"embeddable":true,"href":"https:\/\/www.arclite-shop.de\/fr\/wp-json\/wp\/v2\/media\/369253"}],"wp:attachment":[{"href":"https:\/\/www.arclite-shop.de\/fr\/wp-json\/wp\/v2\/media?parent=342089"}],"wp:term":[{"taxonomy":"product_brand","embeddable":true,"href":"https:\/\/www.arclite-shop.de\/fr\/wp-json\/wp\/v2\/product_brand?post=342089"},{"taxonomy":"product_cat","embeddable":true,"href":"https:\/\/www.arclite-shop.de\/fr\/wp-json\/wp\/v2\/product_cat?post=342089"},{"taxonomy":"product_tag","embeddable":true,"href":"https:\/\/www.arclite-shop.de\/fr\/wp-json\/wp\/v2\/product_tag?post=342089"}],"curies":[{"name":"wp","href":"https:\/\/api.w.org\/{rel}","templated":true}]}}