{"id":342071,"date":"2024-10-31T10:29:29","date_gmt":"2024-10-31T09:29:29","guid":{"rendered":"https:\/\/www.arclite-shop.de\/produkt\/73-87500275\/"},"modified":"2026-04-18T17:23:06","modified_gmt":"2026-04-18T15:23:06","slug":"73-87500275","status":"publish","type":"product","link":"https:\/\/www.arclite-shop.de\/fr\/produkt\/73-87500275\/","title":{"rendered":"TRIDONIC LED Courant constant 220-240VAC 500mA 10W dimmable 87500275"},"content":{"rendered":"<p>Unabh\u00e4ngiger dimmbarer Konstantstrom LED-Treiber, Ausgangsstrom 500 mA, Leistung 10 W, bis zu 50.000 h, SELV, Dimmbar mit Phasenan- und Phasenabschnittsdimmer, 1 &#8211; 10 V, Ausgangsdimmung analog (Stromamplitude), Dimmbereich typ. 10 \u2013 100 % (abh\u00e4ngig vom Dimmer), F\u00fcr Leuchten Schutzklasse I + II, F\u00fcr Leuchten mit M + MM gem\u00e4\u00df EN 60598, VDE 0710 und VDE 0711, Temperaturschutz gem\u00e4\u00df EN 61347-2-13 C5e, 5 Jahre Garantie, Geh\u00e4use: Polycarbonat, wei\u00df, IP20, Schraubklemme, Schutz gegen \u00dcberlast, Kurzschluss, Leerlauf, Kein \u00dcberschwingen des Ausgangsstromes (Netz an und aus).<\/p>\n","protected":false},"excerpt":{"rendered":"<p>Unabh\u00e4ngiger dimmbarer Konstantstrom LED-Treiber, Ausgangsstrom 500 mA, Leistung 10 W, bis zu 50.000 h, SELV, Dimmbar mit Phasenan- und Phasenabschnittsdimmer, 1 &#8211; 10 V, Ausgangsdimmung analog (Stromamplitude), Dimmbereich typ. 10 \u2013 100 % (abh\u00e4ngig vom Dimmer), F\u00fcr Leuchten Schutzklasse I<span class=\"excerpt-hellip\"> [\u2026]<\/span><\/p>\n","protected":false},"featured_media":369279,"template":"","meta":[],"product_brand":[],"product_cat":[84631],"product_tag":[],"class_list":{"0":"post-342071","1":"product","2":"type-product","3":"status-publish","4":"has-post-thumbnail","6":"product_cat-led-betriebsgeraet","8":"first","9":"instock","10":"taxable","11":"shipping-taxable","12":"product-type-simple"},"_links":{"self":[{"href":"https:\/\/www.arclite-shop.de\/fr\/wp-json\/wp\/v2\/product\/342071","targetHints":{"allow":["GET"]}}],"collection":[{"href":"https:\/\/www.arclite-shop.de\/fr\/wp-json\/wp\/v2\/product"}],"about":[{"href":"https:\/\/www.arclite-shop.de\/fr\/wp-json\/wp\/v2\/types\/product"}],"wp:featuredmedia":[{"embeddable":true,"href":"https:\/\/www.arclite-shop.de\/fr\/wp-json\/wp\/v2\/media\/369279"}],"wp:attachment":[{"href":"https:\/\/www.arclite-shop.de\/fr\/wp-json\/wp\/v2\/media?parent=342071"}],"wp:term":[{"taxonomy":"product_brand","embeddable":true,"href":"https:\/\/www.arclite-shop.de\/fr\/wp-json\/wp\/v2\/product_brand?post=342071"},{"taxonomy":"product_cat","embeddable":true,"href":"https:\/\/www.arclite-shop.de\/fr\/wp-json\/wp\/v2\/product_cat?post=342071"},{"taxonomy":"product_tag","embeddable":true,"href":"https:\/\/www.arclite-shop.de\/fr\/wp-json\/wp\/v2\/product_tag?post=342071"}],"curies":[{"name":"wp","href":"https:\/\/api.w.org\/{rel}","templated":true}]}}