{"id":342062,"date":"2024-10-31T10:29:23","date_gmt":"2024-10-31T09:29:23","guid":{"rendered":"https:\/\/www.arclite-shop.de\/produkt\/73-28000707\/"},"modified":"2026-04-18T17:23:26","modified_gmt":"2026-04-18T15:23:26","slug":"73-28000707","status":"publish","type":"product","link":"https:\/\/www.arclite-shop.de\/fr\/produkt\/73-28000707\/","title":{"rendered":"TRIDONIC LED Courant constant 220-240VAC 500-1400mA 25-44,9W pr\u00eats \u00e0 faire 28000707"},"content":{"rendered":"<p>Konstantstrom LED-Treiber, ready2mains Gateway, Leistung 25 &#8211; 44, 9 W, Eingangsspannung AC\/DC, Ausgangsstrom 500 \u2013 1.400 mA mit ready2mains Programmer oder I-SELECT 2 Plugs, Bis zu 81 % Effizienz, bis zu 100.000 h, 5 Jahre Garantie, Geh\u00e4use Polycarbonat weiss, IP20, Zugentlastung (Durchgangsverdrahtung m\u00f6glich), 45\u00b0 \/ 0\u00b0 Steckklemmen, Ausgangsstrom in 1-mA-Schritten (ready2mains, I-SELECT 2), Schutz bei \u00dcbertemperatur, Kurzschluss, \u00dcberlast, Leerlauf, Eingangsspannung, F\u00fcr Sicherheitsbeleuchtung gem\u00e4ss EN 50172, bis 2, 5 mm\u00b2 Kabel, Anwendungsorientiertes Betriebsfenster, Werkzeuglose Montage.<\/p>\n","protected":false},"excerpt":{"rendered":"<p>Konstantstrom LED-Treiber, ready2mains Gateway, Leistung 25 &#8211; 44, 9 W, Eingangsspannung AC\/DC, Ausgangsstrom 500 \u2013 1.400 mA mit ready2mains Programmer oder I-SELECT 2 Plugs, Bis zu 81 % Effizienz, bis zu 100.000 h, 5 Jahre Garantie, Geh\u00e4use Polycarbonat weiss, IP20,<span class=\"excerpt-hellip\"> [\u2026]<\/span><\/p>\n","protected":false},"featured_media":369293,"template":"","meta":[],"product_brand":[],"product_cat":[84631],"product_tag":[],"class_list":{"0":"post-342062","1":"product","2":"type-product","3":"status-publish","4":"has-post-thumbnail","6":"product_cat-led-betriebsgeraet","8":"first","9":"outofstock","10":"taxable","11":"shipping-taxable","12":"product-type-simple"},"_links":{"self":[{"href":"https:\/\/www.arclite-shop.de\/fr\/wp-json\/wp\/v2\/product\/342062","targetHints":{"allow":["GET"]}}],"collection":[{"href":"https:\/\/www.arclite-shop.de\/fr\/wp-json\/wp\/v2\/product"}],"about":[{"href":"https:\/\/www.arclite-shop.de\/fr\/wp-json\/wp\/v2\/types\/product"}],"wp:featuredmedia":[{"embeddable":true,"href":"https:\/\/www.arclite-shop.de\/fr\/wp-json\/wp\/v2\/media\/369293"}],"wp:attachment":[{"href":"https:\/\/www.arclite-shop.de\/fr\/wp-json\/wp\/v2\/media?parent=342062"}],"wp:term":[{"taxonomy":"product_brand","embeddable":true,"href":"https:\/\/www.arclite-shop.de\/fr\/wp-json\/wp\/v2\/product_brand?post=342062"},{"taxonomy":"product_cat","embeddable":true,"href":"https:\/\/www.arclite-shop.de\/fr\/wp-json\/wp\/v2\/product_cat?post=342062"},{"taxonomy":"product_tag","embeddable":true,"href":"https:\/\/www.arclite-shop.de\/fr\/wp-json\/wp\/v2\/product_tag?post=342062"}],"curies":[{"name":"wp","href":"https:\/\/api.w.org\/{rel}","templated":true}]}}