{"id":342018,"date":"2024-10-31T10:28:55","date_gmt":"2024-10-31T09:28:55","guid":{"rendered":"https:\/\/www.arclite-shop.de\/produkt\/717-vtu20065\/"},"modified":"2026-04-18T17:25:48","modified_gmt":"2026-04-18T15:25:48","slug":"717-vtu20065","status":"publish","type":"product","link":"https:\/\/www.arclite-shop.de\/fr\/produkt\/717-vtu20065\/","title":{"rendered":"Support de plafond MB22, r\u00e9glable pour le MODE SNEP P VTU20065"},"content":{"rendered":"<p>Verstellbare Schnellmontage-Halterung f\u00fcr Decken- und Wandmontage, wei\u00df<\/p>\n","protected":false},"excerpt":{"rendered":"<p>Verstellbare Schnellmontage-Halterung f\u00fcr Decken- und Wandmontage, wei\u00df<\/p>\n","protected":false},"featured_media":257885,"template":"","meta":[],"product_brand":[],"product_cat":[84591],"product_tag":[],"class_list":{"0":"post-342018","1":"product","2":"type-product","3":"status-publish","4":"has-post-thumbnail","6":"product_cat-mechanisches-zubehoer-ersatzteile-fuer-leuchten","8":"first","9":"instock","10":"taxable","11":"shipping-taxable","12":"product-type-simple"},"_links":{"self":[{"href":"https:\/\/www.arclite-shop.de\/fr\/wp-json\/wp\/v2\/product\/342018","targetHints":{"allow":["GET"]}}],"collection":[{"href":"https:\/\/www.arclite-shop.de\/fr\/wp-json\/wp\/v2\/product"}],"about":[{"href":"https:\/\/www.arclite-shop.de\/fr\/wp-json\/wp\/v2\/types\/product"}],"wp:featuredmedia":[{"embeddable":true,"href":"https:\/\/www.arclite-shop.de\/fr\/wp-json\/wp\/v2\/media\/257885"}],"wp:attachment":[{"href":"https:\/\/www.arclite-shop.de\/fr\/wp-json\/wp\/v2\/media?parent=342018"}],"wp:term":[{"taxonomy":"product_brand","embeddable":true,"href":"https:\/\/www.arclite-shop.de\/fr\/wp-json\/wp\/v2\/product_brand?post=342018"},{"taxonomy":"product_cat","embeddable":true,"href":"https:\/\/www.arclite-shop.de\/fr\/wp-json\/wp\/v2\/product_cat?post=342018"},{"taxonomy":"product_tag","embeddable":true,"href":"https:\/\/www.arclite-shop.de\/fr\/wp-json\/wp\/v2\/product_tag?post=342018"}],"curies":[{"name":"wp","href":"https:\/\/api.w.org\/{rel}","templated":true}]}}