{"id":342016,"date":"2024-10-31T10:28:54","date_gmt":"2024-10-31T09:28:54","guid":{"rendered":"https:\/\/www.arclite-shop.de\/produkt\/717-vt22003\/"},"modified":"2026-04-18T17:25:53","modified_gmt":"2026-04-18T15:25:53","slug":"717-vt22003","status":"publish","type":"product","link":"https:\/\/www.arclite-shop.de\/fr\/produkt\/717-vt22003\/","title":{"rendered":"Support de plafond MB1M C5 anodis\u00e9, 3xF8,2mm SNEP MODE X VT22003"},"content":{"rendered":"<p>Schnellmontage-Halterung f\u00fcr Deckenmontage MB1M C5 eluxiert, 3xF8, 2mm f\u00fcr Linear Mode X. Zwei Halterungen pro Leuchte ben\u00f6tigt.<\/p>\n","protected":false},"excerpt":{"rendered":"<p>Schnellmontage-Halterung f\u00fcr Deckenmontage MB1M C5 eluxiert, 3xF8, 2mm f\u00fcr Linear Mode X. Zwei Halterungen pro Leuchte ben\u00f6tigt.<\/p>\n","protected":false},"featured_media":369345,"template":"","meta":[],"product_brand":[],"product_cat":[84591],"product_tag":[],"class_list":{"0":"post-342016","1":"product","2":"type-product","3":"status-publish","4":"has-post-thumbnail","6":"product_cat-mechanisches-zubehoer-ersatzteile-fuer-leuchten","8":"first","9":"instock","10":"taxable","11":"shipping-taxable","12":"product-type-simple"},"_links":{"self":[{"href":"https:\/\/www.arclite-shop.de\/fr\/wp-json\/wp\/v2\/product\/342016","targetHints":{"allow":["GET"]}}],"collection":[{"href":"https:\/\/www.arclite-shop.de\/fr\/wp-json\/wp\/v2\/product"}],"about":[{"href":"https:\/\/www.arclite-shop.de\/fr\/wp-json\/wp\/v2\/types\/product"}],"wp:featuredmedia":[{"embeddable":true,"href":"https:\/\/www.arclite-shop.de\/fr\/wp-json\/wp\/v2\/media\/369345"}],"wp:attachment":[{"href":"https:\/\/www.arclite-shop.de\/fr\/wp-json\/wp\/v2\/media?parent=342016"}],"wp:term":[{"taxonomy":"product_brand","embeddable":true,"href":"https:\/\/www.arclite-shop.de\/fr\/wp-json\/wp\/v2\/product_brand?post=342016"},{"taxonomy":"product_cat","embeddable":true,"href":"https:\/\/www.arclite-shop.de\/fr\/wp-json\/wp\/v2\/product_cat?post=342016"},{"taxonomy":"product_tag","embeddable":true,"href":"https:\/\/www.arclite-shop.de\/fr\/wp-json\/wp\/v2\/product_tag?post=342016"}],"curies":[{"name":"wp","href":"https:\/\/api.w.org\/{rel}","templated":true}]}}