{"id":341958,"date":"2024-10-31T10:28:14","date_gmt":"2024-10-31T09:28:14","guid":{"rendered":"https:\/\/www.arclite-shop.de\/produkt\/702-aa1100197\/"},"modified":"2026-04-18T17:33:16","modified_gmt":"2026-04-18T15:33:16","slug":"702-aa1100197","status":"publish","type":"product","link":"https:\/\/www.arclite-shop.de\/fr\/produkt\/702-aa1100197\/","title":{"rendered":"Porte-c\u00e2ble en acier \/ pince 15 pour EUTRAC ONETRAC adapt\u00e9 aux rails triphas\u00e9s EUTRAC DALI ONETRACK, noir pour c\u00e2bles m\u00e9talliques 1,0 - 1,5 mm - noir AA1100197"},"content":{"rendered":"<p>Gripper 15 f\u00fcr DALI ONETRACK, schwarz f\u00fcr Drahtseile 1, 0 &#8211; 1, 5 mm <\/p>\n","protected":false},"excerpt":{"rendered":"<p>Gripper 15 f\u00fcr DALI ONETRACK, schwarz f\u00fcr Drahtseile 1, 0 &#8211; 1, 5 mm<\/p>\n","protected":false},"featured_media":369421,"template":"","meta":[],"product_brand":[],"product_cat":[84591],"product_tag":[],"class_list":{"0":"post-341958","1":"product","2":"type-product","3":"status-publish","4":"has-post-thumbnail","6":"product_cat-mechanisches-zubehoer-ersatzteile-fuer-leuchten","8":"first","9":"instock","10":"taxable","11":"shipping-taxable","12":"product-type-simple"},"_links":{"self":[{"href":"https:\/\/www.arclite-shop.de\/fr\/wp-json\/wp\/v2\/product\/341958","targetHints":{"allow":["GET"]}}],"collection":[{"href":"https:\/\/www.arclite-shop.de\/fr\/wp-json\/wp\/v2\/product"}],"about":[{"href":"https:\/\/www.arclite-shop.de\/fr\/wp-json\/wp\/v2\/types\/product"}],"wp:featuredmedia":[{"embeddable":true,"href":"https:\/\/www.arclite-shop.de\/fr\/wp-json\/wp\/v2\/media\/369421"}],"wp:attachment":[{"href":"https:\/\/www.arclite-shop.de\/fr\/wp-json\/wp\/v2\/media?parent=341958"}],"wp:term":[{"taxonomy":"product_brand","embeddable":true,"href":"https:\/\/www.arclite-shop.de\/fr\/wp-json\/wp\/v2\/product_brand?post=341958"},{"taxonomy":"product_cat","embeddable":true,"href":"https:\/\/www.arclite-shop.de\/fr\/wp-json\/wp\/v2\/product_cat?post=341958"},{"taxonomy":"product_tag","embeddable":true,"href":"https:\/\/www.arclite-shop.de\/fr\/wp-json\/wp\/v2\/product_tag?post=341958"}],"curies":[{"name":"wp","href":"https:\/\/api.w.org\/{rel}","templated":true}]}}