{"id":341949,"date":"2024-10-31T10:28:06","date_gmt":"2024-10-31T09:28:06","guid":{"rendered":"https:\/\/www.arclite-shop.de\/produkt\/702-aa1100111\/"},"modified":"2026-04-18T17:34:16","modified_gmt":"2026-04-18T15:34:16","slug":"702-aa1100111","status":"publish","type":"product","link":"https:\/\/www.arclite-shop.de\/fr\/produkt\/702-aa1100111\/","title":{"rendered":"Suspension \u00e0 corde pour EUTRAC adapt\u00e9e \u00e0 un rail de superstructure triphas\u00e9, incluant pince \u00e0 pendule, c\u00e2ble en acier et fixation au plafond 1500 mm - AA1100111 blanc "},"content":{"rendered":"<p>Seilabh\u00e4ngung f\u00fcr EUTRAC, geeignet f\u00fcr 3-Phasen Aufbauschiene, inkl. Pendelclip, Stahlseil und Deckenbefestigung 1500 mm &#8211; weiss<\/p>\n","protected":false},"excerpt":{"rendered":"<p>Seilabh\u00e4ngung f\u00fcr EUTRAC, geeignet f\u00fcr 3-Phasen Aufbauschiene, inkl. Pendelclip, Stahlseil und Deckenbefestigung 1500 mm &#8211; weiss<\/p>\n","protected":false},"featured_media":369429,"template":"","meta":[],"product_brand":[],"product_cat":[84591],"product_tag":[],"class_list":{"0":"post-341949","1":"product","2":"type-product","3":"status-publish","4":"has-post-thumbnail","6":"product_cat-mechanisches-zubehoer-ersatzteile-fuer-leuchten","8":"first","9":"instock","10":"taxable","11":"shipping-taxable","12":"product-type-simple"},"_links":{"self":[{"href":"https:\/\/www.arclite-shop.de\/fr\/wp-json\/wp\/v2\/product\/341949","targetHints":{"allow":["GET"]}}],"collection":[{"href":"https:\/\/www.arclite-shop.de\/fr\/wp-json\/wp\/v2\/product"}],"about":[{"href":"https:\/\/www.arclite-shop.de\/fr\/wp-json\/wp\/v2\/types\/product"}],"wp:featuredmedia":[{"embeddable":true,"href":"https:\/\/www.arclite-shop.de\/fr\/wp-json\/wp\/v2\/media\/369429"}],"wp:attachment":[{"href":"https:\/\/www.arclite-shop.de\/fr\/wp-json\/wp\/v2\/media?parent=341949"}],"wp:term":[{"taxonomy":"product_brand","embeddable":true,"href":"https:\/\/www.arclite-shop.de\/fr\/wp-json\/wp\/v2\/product_brand?post=341949"},{"taxonomy":"product_cat","embeddable":true,"href":"https:\/\/www.arclite-shop.de\/fr\/wp-json\/wp\/v2\/product_cat?post=341949"},{"taxonomy":"product_tag","embeddable":true,"href":"https:\/\/www.arclite-shop.de\/fr\/wp-json\/wp\/v2\/product_tag?post=341949"}],"curies":[{"name":"wp","href":"https:\/\/api.w.org\/{rel}","templated":true}]}}