{"id":341927,"date":"2024-10-31T10:27:53","date_gmt":"2024-10-31T09:27:53","guid":{"rendered":"https:\/\/www.arclite-shop.de\/produkt\/702-aa1100132\/"},"modified":"2026-04-18T17:36:09","modified_gmt":"2026-04-18T15:36:09","slug":"702-aa1100132","status":"publish","type":"product","link":"https:\/\/www.arclite-shop.de\/fr\/produkt\/702-aa1100132\/","title":{"rendered":"Corde d\u2019acier avec corde m\u00e9tallique en boucle 7x7, \u00d8 1,5 mm avec boucle. Classe de r\u00e9sistance de la corde : 1770 N\/mm\u00b2 selon EN-12385-4, 3000 mm - argent AA1100132 "},"content":{"rendered":"<p>Stahlseil mit Schlaufe, Drahtseil 7&#215;7, \u00d8 1, 5mm mit Schlaufe. Seilfestigkeitsklasse: 1770 N\/mm\u00b2 nach EN-12385-4, 3000 mm &#8211; silber<\/p>\n","protected":false},"excerpt":{"rendered":"<p>Stahlseil mit Schlaufe, Drahtseil 7&#215;7, \u00d8 1, 5mm mit Schlaufe. Seilfestigkeitsklasse: 1770 N\/mm\u00b2 nach EN-12385-4, 3000 mm &#8211; silber<\/p>\n","protected":false},"featured_media":370317,"template":"","meta":[],"product_brand":[],"product_cat":[84591],"product_tag":[],"class_list":{"0":"post-341927","1":"product","2":"type-product","3":"status-publish","4":"has-post-thumbnail","6":"product_cat-mechanisches-zubehoer-ersatzteile-fuer-leuchten","8":"first","9":"instock","10":"taxable","11":"shipping-taxable","12":"product-type-simple"},"_links":{"self":[{"href":"https:\/\/www.arclite-shop.de\/fr\/wp-json\/wp\/v2\/product\/341927","targetHints":{"allow":["GET"]}}],"collection":[{"href":"https:\/\/www.arclite-shop.de\/fr\/wp-json\/wp\/v2\/product"}],"about":[{"href":"https:\/\/www.arclite-shop.de\/fr\/wp-json\/wp\/v2\/types\/product"}],"wp:featuredmedia":[{"embeddable":true,"href":"https:\/\/www.arclite-shop.de\/fr\/wp-json\/wp\/v2\/media\/370317"}],"wp:attachment":[{"href":"https:\/\/www.arclite-shop.de\/fr\/wp-json\/wp\/v2\/media?parent=341927"}],"wp:term":[{"taxonomy":"product_brand","embeddable":true,"href":"https:\/\/www.arclite-shop.de\/fr\/wp-json\/wp\/v2\/product_brand?post=341927"},{"taxonomy":"product_cat","embeddable":true,"href":"https:\/\/www.arclite-shop.de\/fr\/wp-json\/wp\/v2\/product_cat?post=341927"},{"taxonomy":"product_tag","embeddable":true,"href":"https:\/\/www.arclite-shop.de\/fr\/wp-json\/wp\/v2\/product_tag?post=341927"}],"curies":[{"name":"wp","href":"https:\/\/api.w.org\/{rel}","templated":true}]}}