{"id":341914,"date":"2024-10-31T10:27:43","date_gmt":"2024-10-31T09:27:43","guid":{"rendered":"https:\/\/www.arclite-shop.de\/produkt\/685-aa1100246\/"},"modified":"2026-04-18T17:38:41","modified_gmt":"2026-04-18T15:38:41","slug":"685-aa1100246","status":"publish","type":"product","link":"https:\/\/www.arclite-shop.de\/fr\/produkt\/685-aa1100246\/","title":{"rendered":"Connecteur avec c\u00e2ble, 4 broches pour stripCENTURY 20, 10 mm, 30-120 LED par m\u00e8tre AA1100246"},"content":{"rendered":"<p>Schnellverbinder f\u00fcr RGB Streifen PCB 10mm, inkl. 15cm Kabel an einer Seite, 30-120 LED, IP00-IP20<\/p>\n","protected":false},"excerpt":{"rendered":"<p>Schnellverbinder f\u00fcr RGB Streifen PCB 10mm, inkl. 15cm Kabel an einer Seite, 30-120 LED, IP00-IP20<\/p>\n","protected":false},"featured_media":369477,"template":"","meta":[],"product_brand":[],"product_cat":[84899],"product_tag":[],"class_list":{"0":"post-341914","1":"product","2":"type-product","3":"status-publish","4":"has-post-thumbnail","6":"product_cat-zubehoer-ersatzteile-fuer-led-betriebsgeraete-und-module","8":"first","9":"instock","10":"taxable","11":"shipping-taxable","12":"product-type-simple"},"_links":{"self":[{"href":"https:\/\/www.arclite-shop.de\/fr\/wp-json\/wp\/v2\/product\/341914","targetHints":{"allow":["GET"]}}],"collection":[{"href":"https:\/\/www.arclite-shop.de\/fr\/wp-json\/wp\/v2\/product"}],"about":[{"href":"https:\/\/www.arclite-shop.de\/fr\/wp-json\/wp\/v2\/types\/product"}],"wp:featuredmedia":[{"embeddable":true,"href":"https:\/\/www.arclite-shop.de\/fr\/wp-json\/wp\/v2\/media\/369477"}],"wp:attachment":[{"href":"https:\/\/www.arclite-shop.de\/fr\/wp-json\/wp\/v2\/media?parent=341914"}],"wp:term":[{"taxonomy":"product_brand","embeddable":true,"href":"https:\/\/www.arclite-shop.de\/fr\/wp-json\/wp\/v2\/product_brand?post=341914"},{"taxonomy":"product_cat","embeddable":true,"href":"https:\/\/www.arclite-shop.de\/fr\/wp-json\/wp\/v2\/product_cat?post=341914"},{"taxonomy":"product_tag","embeddable":true,"href":"https:\/\/www.arclite-shop.de\/fr\/wp-json\/wp\/v2\/product_tag?post=341914"}],"curies":[{"name":"wp","href":"https:\/\/api.w.org\/{rel}","templated":true}]}}