{"id":341835,"date":"2024-10-31T10:27:01","date_gmt":"2024-10-31T09:27:01","guid":{"rendered":"https:\/\/www.arclite-shop.de\/produkt\/597-gb40-2\/"},"modified":"2026-04-18T17:44:40","modified_gmt":"2026-04-18T15:44:40","slug":"597-gb40-2","status":"publish","type":"product","link":"https:\/\/www.arclite-shop.de\/fr\/produkt\/597-gb40-2\/","title":{"rendered":"GLOBAL Trac Base T-Connector pour rail monophas\u00e9 mont\u00e9 en surface, conducteur de protection \u00e0 l\u2019int\u00e9rieur, \u00e0 droite, avec alimentation en option - GB40-2 noir"},"content":{"rendered":"<p>GLOBAL Trac Base T-Verbinder f\u00fcr 1-Phasen Aufbauschiene, Schutzleiter innen, rechts, mit Einspeisem\u00f6glichkeit schwarz<\/p>\n","protected":false},"excerpt":{"rendered":"<p>GLOBAL Trac Base T-Verbinder f\u00fcr 1-Phasen Aufbauschiene, Schutzleiter innen, rechts, mit Einspeisem\u00f6glichkeit schwarz<\/p>\n","protected":false},"featured_media":369589,"template":"","meta":[],"product_brand":[],"product_cat":[84574],"product_tag":[],"class_list":{"0":"post-341835","1":"product","2":"type-product","3":"status-publish","4":"has-post-thumbnail","6":"product_cat-elektrisches-zubehoer-ersatzteile-fuer-leuchten","8":"first","9":"instock","10":"taxable","11":"shipping-taxable","12":"product-type-simple"},"_links":{"self":[{"href":"https:\/\/www.arclite-shop.de\/fr\/wp-json\/wp\/v2\/product\/341835","targetHints":{"allow":["GET"]}}],"collection":[{"href":"https:\/\/www.arclite-shop.de\/fr\/wp-json\/wp\/v2\/product"}],"about":[{"href":"https:\/\/www.arclite-shop.de\/fr\/wp-json\/wp\/v2\/types\/product"}],"wp:featuredmedia":[{"embeddable":true,"href":"https:\/\/www.arclite-shop.de\/fr\/wp-json\/wp\/v2\/media\/369589"}],"wp:attachment":[{"href":"https:\/\/www.arclite-shop.de\/fr\/wp-json\/wp\/v2\/media?parent=341835"}],"wp:term":[{"taxonomy":"product_brand","embeddable":true,"href":"https:\/\/www.arclite-shop.de\/fr\/wp-json\/wp\/v2\/product_brand?post=341835"},{"taxonomy":"product_cat","embeddable":true,"href":"https:\/\/www.arclite-shop.de\/fr\/wp-json\/wp\/v2\/product_cat?post=341835"},{"taxonomy":"product_tag","embeddable":true,"href":"https:\/\/www.arclite-shop.de\/fr\/wp-json\/wp\/v2\/product_tag?post=341835"}],"curies":[{"name":"wp","href":"https:\/\/api.w.org\/{rel}","templated":true}]}}