{"id":341758,"date":"2024-10-31T10:26:11","date_gmt":"2024-10-31T09:26:11","guid":{"rendered":"https:\/\/www.arclite-shop.de\/produkt\/597-xts-23-3\/"},"modified":"2026-04-18T17:49:30","modified_gmt":"2026-04-18T15:49:30","slug":"597-xts-23-3","status":"publish","type":"product","link":"https:\/\/www.arclite-shop.de\/fr\/produkt\/597-xts-23-3\/","title":{"rendered":"Connecteur GLOBAL Trac Pro Flex pour rail triphas\u00e9 mont\u00e9 en surface, connecteur \u00e9lectrique flexible d\u2019angle, 0\u00b0-360\u00b0 - XTS 23-3 blanc"},"content":{"rendered":"<p>GLOBAL Trac Pro flexibler elektrischer Eckverbinder, 0\u00b0-360\u00b0 weiss<\/p>\n","protected":false},"excerpt":{"rendered":"<p>GLOBAL Trac Pro flexibler elektrischer Eckverbinder, 0\u00b0-360\u00b0 weiss<\/p>\n","protected":false},"featured_media":369705,"template":"","meta":[],"product_brand":[],"product_cat":[84574],"product_tag":[],"class_list":{"0":"post-341758","1":"product","2":"type-product","3":"status-publish","4":"has-post-thumbnail","6":"product_cat-elektrisches-zubehoer-ersatzteile-fuer-leuchten","8":"first","9":"instock","10":"taxable","11":"shipping-taxable","12":"product-type-simple"},"_links":{"self":[{"href":"https:\/\/www.arclite-shop.de\/fr\/wp-json\/wp\/v2\/product\/341758","targetHints":{"allow":["GET"]}}],"collection":[{"href":"https:\/\/www.arclite-shop.de\/fr\/wp-json\/wp\/v2\/product"}],"about":[{"href":"https:\/\/www.arclite-shop.de\/fr\/wp-json\/wp\/v2\/types\/product"}],"wp:featuredmedia":[{"embeddable":true,"href":"https:\/\/www.arclite-shop.de\/fr\/wp-json\/wp\/v2\/media\/369705"}],"wp:attachment":[{"href":"https:\/\/www.arclite-shop.de\/fr\/wp-json\/wp\/v2\/media?parent=341758"}],"wp:term":[{"taxonomy":"product_brand","embeddable":true,"href":"https:\/\/www.arclite-shop.de\/fr\/wp-json\/wp\/v2\/product_brand?post=341758"},{"taxonomy":"product_cat","embeddable":true,"href":"https:\/\/www.arclite-shop.de\/fr\/wp-json\/wp\/v2\/product_cat?post=341758"},{"taxonomy":"product_tag","embeddable":true,"href":"https:\/\/www.arclite-shop.de\/fr\/wp-json\/wp\/v2\/product_tag?post=341758"}],"curies":[{"name":"wp","href":"https:\/\/api.w.org\/{rel}","templated":true}]}}