{"id":341750,"date":"2024-10-31T10:26:05","date_gmt":"2024-10-31T09:26:05","guid":{"rendered":"https:\/\/www.arclite-shop.de\/produkt\/597-xts-40-2\/"},"modified":"2026-04-21T09:10:34","modified_gmt":"2026-04-21T07:10:34","slug":"597-xts-40-2","status":"publish","type":"product","link":"https:\/\/www.arclite-shop.de\/fr\/produkt\/597-xts-40-2\/","title":{"rendered":"Connecteur en T GLOBAL Trac Pro pour rail triphas\u00e9 mont\u00e9 en surface, conducteur de protection \u00e0 l\u2019int\u00e9rieur, \u00e0 droite, avec option d\u2019alimentation - XTS 40-2 noir"},"content":{"rendered":"<p>GLOBAL Trac Pro T-Verbinder f\u00fcr 3-Phasen Aufbauschiene, Schutzleiter innen, rechts, mit Einspeisem\u00f6glichkeit schwarz<\/p>\n","protected":false},"excerpt":{"rendered":"<p>GLOBAL Trac Pro T-Verbinder f\u00fcr 3-Phasen Aufbauschiene, Schutzleiter innen, rechts, mit Einspeisem\u00f6glichkeit schwarz<\/p>\n","protected":false},"featured_media":369717,"template":"","meta":[],"product_brand":[],"product_cat":[84574],"product_tag":[],"class_list":{"0":"post-341750","1":"product","2":"type-product","3":"status-publish","4":"has-post-thumbnail","6":"product_cat-elektrisches-zubehoer-ersatzteile-fuer-leuchten","8":"first","9":"instock","10":"taxable","11":"shipping-taxable","12":"product-type-simple"},"_links":{"self":[{"href":"https:\/\/www.arclite-shop.de\/fr\/wp-json\/wp\/v2\/product\/341750","targetHints":{"allow":["GET"]}}],"collection":[{"href":"https:\/\/www.arclite-shop.de\/fr\/wp-json\/wp\/v2\/product"}],"about":[{"href":"https:\/\/www.arclite-shop.de\/fr\/wp-json\/wp\/v2\/types\/product"}],"wp:featuredmedia":[{"embeddable":true,"href":"https:\/\/www.arclite-shop.de\/fr\/wp-json\/wp\/v2\/media\/369717"}],"wp:attachment":[{"href":"https:\/\/www.arclite-shop.de\/fr\/wp-json\/wp\/v2\/media?parent=341750"}],"wp:term":[{"taxonomy":"product_brand","embeddable":true,"href":"https:\/\/www.arclite-shop.de\/fr\/wp-json\/wp\/v2\/product_brand?post=341750"},{"taxonomy":"product_cat","embeddable":true,"href":"https:\/\/www.arclite-shop.de\/fr\/wp-json\/wp\/v2\/product_cat?post=341750"},{"taxonomy":"product_tag","embeddable":true,"href":"https:\/\/www.arclite-shop.de\/fr\/wp-json\/wp\/v2\/product_tag?post=341750"}],"curies":[{"name":"wp","href":"https:\/\/api.w.org\/{rel}","templated":true}]}}