{"id":341730,"date":"2024-10-31T10:25:53","date_gmt":"2024-10-31T09:25:53","guid":{"rendered":"https:\/\/www.arclite-shop.de\/produkt\/597-xts-21-2\/"},"modified":"2026-04-18T17:51:15","modified_gmt":"2026-04-18T15:51:15","slug":"597-xts-21-2","status":"publish","type":"product","link":"https:\/\/www.arclite-shop.de\/fr\/produkt\/597-xts-21-2\/","title":{"rendered":"Connecteur GLOBAL Trac Pro pour rail triphas\u00e9 mont\u00e9 en surface, connecteur longitudinal \u00e9lectrique - XTS 21-2 noir"},"content":{"rendered":"<p>GLOBAL Trac Pro Verbinder f\u00fcr 3-Phasen Aufbauschiene, elektrischer L\u00e4ngsverbinder &#8211; schwarz<\/p>\n","protected":false},"excerpt":{"rendered":"<p>GLOBAL Trac Pro Verbinder f\u00fcr 3-Phasen Aufbauschiene, elektrischer L\u00e4ngsverbinder &#8211; schwarz<\/p>\n","protected":false},"featured_media":369731,"template":"","meta":[],"product_brand":[],"product_cat":[84574],"product_tag":[],"class_list":{"0":"post-341730","1":"product","2":"type-product","3":"status-publish","4":"has-post-thumbnail","6":"product_cat-elektrisches-zubehoer-ersatzteile-fuer-leuchten","8":"first","9":"instock","10":"taxable","11":"shipping-taxable","12":"product-type-simple"},"_links":{"self":[{"href":"https:\/\/www.arclite-shop.de\/fr\/wp-json\/wp\/v2\/product\/341730","targetHints":{"allow":["GET"]}}],"collection":[{"href":"https:\/\/www.arclite-shop.de\/fr\/wp-json\/wp\/v2\/product"}],"about":[{"href":"https:\/\/www.arclite-shop.de\/fr\/wp-json\/wp\/v2\/types\/product"}],"wp:featuredmedia":[{"embeddable":true,"href":"https:\/\/www.arclite-shop.de\/fr\/wp-json\/wp\/v2\/media\/369731"}],"wp:attachment":[{"href":"https:\/\/www.arclite-shop.de\/fr\/wp-json\/wp\/v2\/media?parent=341730"}],"wp:term":[{"taxonomy":"product_brand","embeddable":true,"href":"https:\/\/www.arclite-shop.de\/fr\/wp-json\/wp\/v2\/product_brand?post=341730"},{"taxonomy":"product_cat","embeddable":true,"href":"https:\/\/www.arclite-shop.de\/fr\/wp-json\/wp\/v2\/product_cat?post=341730"},{"taxonomy":"product_tag","embeddable":true,"href":"https:\/\/www.arclite-shop.de\/fr\/wp-json\/wp\/v2\/product_tag?post=341730"}],"curies":[{"name":"wp","href":"https:\/\/api.w.org\/{rel}","templated":true}]}}