{"id":341714,"date":"2024-10-31T10:25:42","date_gmt":"2024-10-31T09:25:42","guid":{"rendered":"https:\/\/www.arclite-shop.de\/produkt\/597-xts-4400-1\/"},"modified":"2026-04-18T17:52:21","modified_gmt":"2026-04-18T15:52:21","slug":"597-xts-4400-1","status":"publish","type":"product","link":"https:\/\/www.arclite-shop.de\/fr\/produkt\/597-xts-4400-1\/","title":{"rendered":"GLOBAL Trac Pro Rail 3-phas\u00e9 mont\u00e9 4000mm - XTS 4400-1 argent\u00e9"},"content":{"rendered":"<p>GLOBAL Trac Pro Stromschiene 3-Phasen Aufbauschiene 4000mm silber<\/p>\n","protected":false},"excerpt":{"rendered":"<p>GLOBAL Trac Pro Stromschiene 3-Phasen Aufbauschiene 4000mm silber<\/p>\n","protected":false},"featured_media":369755,"template":"","meta":[],"product_brand":[],"product_cat":[84573],"product_tag":[],"class_list":{"0":"post-341714","1":"product","2":"type-product","3":"status-publish","4":"has-post-thumbnail","6":"product_cat-stromschiene","8":"first","9":"outofstock","10":"taxable","11":"shipping-taxable","12":"product-type-simple"},"_links":{"self":[{"href":"https:\/\/www.arclite-shop.de\/fr\/wp-json\/wp\/v2\/product\/341714","targetHints":{"allow":["GET"]}}],"collection":[{"href":"https:\/\/www.arclite-shop.de\/fr\/wp-json\/wp\/v2\/product"}],"about":[{"href":"https:\/\/www.arclite-shop.de\/fr\/wp-json\/wp\/v2\/types\/product"}],"wp:featuredmedia":[{"embeddable":true,"href":"https:\/\/www.arclite-shop.de\/fr\/wp-json\/wp\/v2\/media\/369755"}],"wp:attachment":[{"href":"https:\/\/www.arclite-shop.de\/fr\/wp-json\/wp\/v2\/media?parent=341714"}],"wp:term":[{"taxonomy":"product_brand","embeddable":true,"href":"https:\/\/www.arclite-shop.de\/fr\/wp-json\/wp\/v2\/product_brand?post=341714"},{"taxonomy":"product_cat","embeddable":true,"href":"https:\/\/www.arclite-shop.de\/fr\/wp-json\/wp\/v2\/product_cat?post=341714"},{"taxonomy":"product_tag","embeddable":true,"href":"https:\/\/www.arclite-shop.de\/fr\/wp-json\/wp\/v2\/product_tag?post=341714"}],"curies":[{"name":"wp","href":"https:\/\/api.w.org\/{rel}","templated":true}]}}