{"id":341574,"date":"2024-10-31T10:24:11","date_gmt":"2024-10-31T09:24:11","guid":{"rendered":"https:\/\/www.arclite-shop.de\/produkt\/514-hln-80h-30a\/"},"modified":"2026-04-18T18:03:18","modified_gmt":"2026-04-18T16:03:18","slug":"514-hln-80h-30a","status":"publish","type":"product","link":"https:\/\/www.arclite-shop.de\/fr\/produkt\/514-hln-80h-30a\/","title":{"rendered":"LED MEAN WELL Conducteur Tension constante HLN 90-305V AC 127-431V DC\/  W 30V\/2700mA  HLN-80H-30A"},"content":{"rendered":"<p>LED Netzteil, Kunststoffgeh\u00e4use, Leistung 81W, Eingangsspannung 90-305V AC; 127-431V DC. Konstantspannung 30V\/2, 7A. IP64. Ausgangsspannung und Strombegrenzung \u00fcber internes Potentiometer einstellbar, \u00dcberlastungsschutz, Kurzschlusssschutz, \u00dcbertemperaturschutz.<\/p>\n","protected":false},"excerpt":{"rendered":"<p>LED Netzteil, Kunststoffgeh\u00e4use, Leistung 81W, Eingangsspannung 90-305V AC; 127-431V DC. Konstantspannung 30V\/2, 7A. IP64. Ausgangsspannung und Strombegrenzung \u00fcber internes Potentiometer einstellbar, \u00dcberlastungsschutz, Kurzschlusssschutz, \u00dcbertemperaturschutz.<\/p>\n","protected":false},"featured_media":369811,"template":"","meta":[],"product_brand":[],"product_cat":[84631],"product_tag":[],"class_list":{"0":"post-341574","1":"product","2":"type-product","3":"status-publish","4":"has-post-thumbnail","6":"product_cat-led-betriebsgeraet","8":"first","9":"instock","10":"taxable","11":"shipping-taxable","12":"product-type-simple"},"_links":{"self":[{"href":"https:\/\/www.arclite-shop.de\/fr\/wp-json\/wp\/v2\/product\/341574","targetHints":{"allow":["GET"]}}],"collection":[{"href":"https:\/\/www.arclite-shop.de\/fr\/wp-json\/wp\/v2\/product"}],"about":[{"href":"https:\/\/www.arclite-shop.de\/fr\/wp-json\/wp\/v2\/types\/product"}],"wp:featuredmedia":[{"embeddable":true,"href":"https:\/\/www.arclite-shop.de\/fr\/wp-json\/wp\/v2\/media\/369811"}],"wp:attachment":[{"href":"https:\/\/www.arclite-shop.de\/fr\/wp-json\/wp\/v2\/media?parent=341574"}],"wp:term":[{"taxonomy":"product_brand","embeddable":true,"href":"https:\/\/www.arclite-shop.de\/fr\/wp-json\/wp\/v2\/product_brand?post=341574"},{"taxonomy":"product_cat","embeddable":true,"href":"https:\/\/www.arclite-shop.de\/fr\/wp-json\/wp\/v2\/product_cat?post=341574"},{"taxonomy":"product_tag","embeddable":true,"href":"https:\/\/www.arclite-shop.de\/fr\/wp-json\/wp\/v2\/product_tag?post=341574"}],"curies":[{"name":"wp","href":"https:\/\/api.w.org\/{rel}","templated":true}]}}