{"id":341471,"date":"2024-10-31T10:23:05","date_gmt":"2024-10-31T09:23:05","guid":{"rendered":"https:\/\/www.arclite-shop.de\/produkt\/514-xlg-150-12-a\/"},"modified":"2026-04-18T18:09:42","modified_gmt":"2026-04-18T16:09:42","slug":"514-xlg-150-12-a","status":"publish","type":"product","link":"https:\/\/www.arclite-shop.de\/fr\/produkt\/514-xlg-150-12-a\/","title":{"rendered":"DRIVER LED MEAN WELL Teneur constante XLG-A 100-305V AC, 142-431V DC\/ 150W 12V 12500mA XLG-150-12-A"},"content":{"rendered":"<p>LED Netzteil, Metallgeh\u00e4use, Leistung 150W, Eingangsspannung 100-305V AC;142-431V DC. Konstantspannungsausgang 12V. IP67. Strombegrenzung \u00fcber internes Potentiometer einstellbar, \u00dcberlastungsschutz, Kurzschlusssschutz, \u00dcbertemperaturschutz.<\/p>\n","protected":false},"excerpt":{"rendered":"<p>LED Netzteil, Metallgeh\u00e4use, Leistung 150W, Eingangsspannung 100-305V AC;142-431V DC. Konstantspannungsausgang 12V. IP67. Strombegrenzung \u00fcber internes Potentiometer einstellbar, \u00dcberlastungsschutz, Kurzschlusssschutz, \u00dcbertemperaturschutz.<\/p>\n","protected":false},"featured_media":369867,"template":"","meta":[],"product_brand":[],"product_cat":[84631],"product_tag":[],"class_list":{"0":"post-341471","1":"product","2":"type-product","3":"status-publish","4":"has-post-thumbnail","6":"product_cat-led-betriebsgeraet","8":"first","9":"instock","10":"taxable","11":"shipping-taxable","12":"product-type-simple"},"_links":{"self":[{"href":"https:\/\/www.arclite-shop.de\/fr\/wp-json\/wp\/v2\/product\/341471","targetHints":{"allow":["GET"]}}],"collection":[{"href":"https:\/\/www.arclite-shop.de\/fr\/wp-json\/wp\/v2\/product"}],"about":[{"href":"https:\/\/www.arclite-shop.de\/fr\/wp-json\/wp\/v2\/types\/product"}],"wp:featuredmedia":[{"embeddable":true,"href":"https:\/\/www.arclite-shop.de\/fr\/wp-json\/wp\/v2\/media\/369867"}],"wp:attachment":[{"href":"https:\/\/www.arclite-shop.de\/fr\/wp-json\/wp\/v2\/media?parent=341471"}],"wp:term":[{"taxonomy":"product_brand","embeddable":true,"href":"https:\/\/www.arclite-shop.de\/fr\/wp-json\/wp\/v2\/product_brand?post=341471"},{"taxonomy":"product_cat","embeddable":true,"href":"https:\/\/www.arclite-shop.de\/fr\/wp-json\/wp\/v2\/product_cat?post=341471"},{"taxonomy":"product_tag","embeddable":true,"href":"https:\/\/www.arclite-shop.de\/fr\/wp-json\/wp\/v2\/product_tag?post=341471"}],"curies":[{"name":"wp","href":"https:\/\/api.w.org\/{rel}","templated":true}]}}