{"id":341452,"date":"2024-10-31T10:22:53","date_gmt":"2024-10-31T09:22:53","guid":{"rendered":"https:\/\/www.arclite-shop.de\/produkt\/514-elg-240-c1750da-3y\/"},"modified":"2026-04-18T18:10:53","modified_gmt":"2026-04-18T16:10:53","slug":"514-elg-240-c1750da-3y","status":"publish","type":"product","link":"https:\/\/www.arclite-shop.de\/fr\/produkt\/514-elg-240-c1750da-3y\/","title":{"rendered":"LED MEAN WELL Driver Courant constant DALI ELG-C DA 100-305V AC, 142-431V DC \/ 1750mA 239W, DALI ELG-240-C1750DA-3Y"},"content":{"rendered":"<p>LED Netzteil, Metallgeh\u00e4use, Leistung 239W, Eingangsspannung 100-305V AC;142-431V DC. Konstantstrom 1750mA. IP65, Dimmung \u00fcber DALI, \u00dcberlastungsschutz, Kurzschlusssschutz, \u00dcbertemperaturschutz.<\/p>\n","protected":false},"excerpt":{"rendered":"<p>LED Netzteil, Metallgeh\u00e4use, Leistung 239W, Eingangsspannung 100-305V AC;142-431V DC. Konstantstrom 1750mA. IP65, Dimmung \u00fcber DALI, \u00dcberlastungsschutz, Kurzschlusssschutz, \u00dcbertemperaturschutz.<\/p>\n","protected":false},"featured_media":369871,"template":"","meta":[],"product_brand":[],"product_cat":[84631],"product_tag":[],"class_list":{"0":"post-341452","1":"product","2":"type-product","3":"status-publish","4":"has-post-thumbnail","6":"product_cat-led-betriebsgeraet","8":"first","9":"instock","10":"taxable","11":"shipping-taxable","12":"product-type-simple"},"_links":{"self":[{"href":"https:\/\/www.arclite-shop.de\/fr\/wp-json\/wp\/v2\/product\/341452","targetHints":{"allow":["GET"]}}],"collection":[{"href":"https:\/\/www.arclite-shop.de\/fr\/wp-json\/wp\/v2\/product"}],"about":[{"href":"https:\/\/www.arclite-shop.de\/fr\/wp-json\/wp\/v2\/types\/product"}],"wp:featuredmedia":[{"embeddable":true,"href":"https:\/\/www.arclite-shop.de\/fr\/wp-json\/wp\/v2\/media\/369871"}],"wp:attachment":[{"href":"https:\/\/www.arclite-shop.de\/fr\/wp-json\/wp\/v2\/media?parent=341452"}],"wp:term":[{"taxonomy":"product_brand","embeddable":true,"href":"https:\/\/www.arclite-shop.de\/fr\/wp-json\/wp\/v2\/product_brand?post=341452"},{"taxonomy":"product_cat","embeddable":true,"href":"https:\/\/www.arclite-shop.de\/fr\/wp-json\/wp\/v2\/product_cat?post=341452"},{"taxonomy":"product_tag","embeddable":true,"href":"https:\/\/www.arclite-shop.de\/fr\/wp-json\/wp\/v2\/product_tag?post=341452"}],"curies":[{"name":"wp","href":"https:\/\/api.w.org\/{rel}","templated":true}]}}