{"id":341352,"date":"2024-10-31T10:21:44","date_gmt":"2024-10-31T09:21:44","guid":{"rendered":"https:\/\/www.arclite-shop.de\/produkt\/514-elg-200-12-3y\/"},"modified":"2026-04-18T18:18:43","modified_gmt":"2026-04-18T16:18:43","slug":"514-elg-200-12-3y","status":"publish","type":"product","link":"https:\/\/www.arclite-shop.de\/fr\/produkt\/514-elg-200-12-3y\/","title":{"rendered":"LED DE MEAN WELL Tension constante ELG 100-305V AC, 140-430V DC \/ 12V DC 192W ELG-200-12-3Y"},"content":{"rendered":"<p>LED Netzteil, Metallgeh\u00e4use, Leistung 192W, Eingangsspannung 100-305V AC;140-430V DC. Konstantspannungsausgang 12V. IP67. \u00dcberlastungsschutz, Kurzschlusssschutz, \u00dcbertemperaturschutz.<\/p>\n","protected":false},"excerpt":{"rendered":"<p>LED Netzteil, Metallgeh\u00e4use, Leistung 192W, Eingangsspannung 100-305V AC;140-430V DC. Konstantspannungsausgang 12V. IP67. \u00dcberlastungsschutz, Kurzschlusssschutz, \u00dcbertemperaturschutz.<\/p>\n","protected":false},"featured_media":369871,"template":"","meta":[],"product_brand":[],"product_cat":[84631],"product_tag":[],"class_list":{"0":"post-341352","1":"product","2":"type-product","3":"status-publish","4":"has-post-thumbnail","6":"product_cat-led-betriebsgeraet","8":"first","9":"instock","10":"taxable","11":"shipping-taxable","12":"product-type-simple"},"_links":{"self":[{"href":"https:\/\/www.arclite-shop.de\/fr\/wp-json\/wp\/v2\/product\/341352","targetHints":{"allow":["GET"]}}],"collection":[{"href":"https:\/\/www.arclite-shop.de\/fr\/wp-json\/wp\/v2\/product"}],"about":[{"href":"https:\/\/www.arclite-shop.de\/fr\/wp-json\/wp\/v2\/types\/product"}],"wp:featuredmedia":[{"embeddable":true,"href":"https:\/\/www.arclite-shop.de\/fr\/wp-json\/wp\/v2\/media\/369871"}],"wp:attachment":[{"href":"https:\/\/www.arclite-shop.de\/fr\/wp-json\/wp\/v2\/media?parent=341352"}],"wp:term":[{"taxonomy":"product_brand","embeddable":true,"href":"https:\/\/www.arclite-shop.de\/fr\/wp-json\/wp\/v2\/product_brand?post=341352"},{"taxonomy":"product_cat","embeddable":true,"href":"https:\/\/www.arclite-shop.de\/fr\/wp-json\/wp\/v2\/product_cat?post=341352"},{"taxonomy":"product_tag","embeddable":true,"href":"https:\/\/www.arclite-shop.de\/fr\/wp-json\/wp\/v2\/product_tag?post=341352"}],"curies":[{"name":"wp","href":"https:\/\/api.w.org\/{rel}","templated":true}]}}