{"id":341115,"date":"2024-10-31T10:19:13","date_gmt":"2024-10-31T09:19:13","guid":{"rendered":"https:\/\/www.arclite-shop.de\/produkt\/111-575-1-1215-8\/"},"modified":"2026-04-18T18:38:49","modified_gmt":"2026-04-18T16:38:49","slug":"111-575-1-1215-8","status":"publish","type":"product","link":"https:\/\/www.arclite-shop.de\/fr\/produkt\/111-575-1-1215-8\/","title":{"rendered":"EUTRAC T-Connector pour rail mont\u00e9 triphas\u00e9 BASIC, conducteur protecteur \u00e0 l\u2019ext\u00e9rieur, gauche, avec option d\u2019alimentation - gris 575 1 1215 8"},"content":{"rendered":"<p>EUTRAC Standard T-Verbinder f\u00fcr 3-Phasen Aufbauschiene BASIC, Schutzleiter au\u00dfen, links mit Einspeisem\u00f6glichkeit &#8211; grau<\/p>\n","protected":false},"excerpt":{"rendered":"<p>EUTRAC Standard T-Verbinder f\u00fcr 3-Phasen Aufbauschiene BASIC, Schutzleiter au\u00dfen, links mit Einspeisem\u00f6glichkeit &#8211; grau<\/p>\n","protected":false},"featured_media":370027,"template":"","meta":[],"product_brand":[],"product_cat":[84574],"product_tag":[],"class_list":{"0":"post-341115","1":"product","2":"type-product","3":"status-publish","4":"has-post-thumbnail","6":"product_cat-elektrisches-zubehoer-ersatzteile-fuer-leuchten","8":"first","9":"instock","10":"taxable","11":"shipping-taxable","12":"product-type-simple"},"_links":{"self":[{"href":"https:\/\/www.arclite-shop.de\/fr\/wp-json\/wp\/v2\/product\/341115","targetHints":{"allow":["GET"]}}],"collection":[{"href":"https:\/\/www.arclite-shop.de\/fr\/wp-json\/wp\/v2\/product"}],"about":[{"href":"https:\/\/www.arclite-shop.de\/fr\/wp-json\/wp\/v2\/types\/product"}],"wp:featuredmedia":[{"embeddable":true,"href":"https:\/\/www.arclite-shop.de\/fr\/wp-json\/wp\/v2\/media\/370027"}],"wp:attachment":[{"href":"https:\/\/www.arclite-shop.de\/fr\/wp-json\/wp\/v2\/media?parent=341115"}],"wp:term":[{"taxonomy":"product_brand","embeddable":true,"href":"https:\/\/www.arclite-shop.de\/fr\/wp-json\/wp\/v2\/product_brand?post=341115"},{"taxonomy":"product_cat","embeddable":true,"href":"https:\/\/www.arclite-shop.de\/fr\/wp-json\/wp\/v2\/product_cat?post=341115"},{"taxonomy":"product_tag","embeddable":true,"href":"https:\/\/www.arclite-shop.de\/fr\/wp-json\/wp\/v2\/product_tag?post=341115"}],"curies":[{"name":"wp","href":"https:\/\/api.w.org\/{rel}","templated":true}]}}