{"id":341090,"date":"2024-10-31T10:18:56","date_gmt":"2024-10-31T09:18:56","guid":{"rendered":"https:\/\/www.arclite-shop.de\/produkt\/111-575-1-1206-8\/"},"modified":"2026-04-18T18:40:26","modified_gmt":"2026-04-18T16:40:26","slug":"111-575-1-1206-8","status":"publish","type":"product","link":"https:\/\/www.arclite-shop.de\/fr\/produkt\/111-575-1-1206-8\/","title":{"rendered":"Connecteur longitudinal EUTRAC pour rail triphas\u00e9 mont\u00e9 en surface BASIC, gris 575 1 1206 8"},"content":{"rendered":"<p>EUTRAC Standard Verbinder f\u00fcr BASIC 3-Phasen Aufbauschiene, elektrischer L\u00e4ngsverbinder &#8211; grau<\/p>\n","protected":false},"excerpt":{"rendered":"<p>EUTRAC Standard Verbinder f\u00fcr BASIC 3-Phasen Aufbauschiene, elektrischer L\u00e4ngsverbinder &#8211; grau<\/p>\n","protected":false},"featured_media":370453,"template":"","meta":[],"product_brand":[],"product_cat":[84574],"product_tag":[],"class_list":{"0":"post-341090","1":"product","2":"type-product","3":"status-publish","4":"has-post-thumbnail","6":"product_cat-elektrisches-zubehoer-ersatzteile-fuer-leuchten","8":"first","9":"instock","10":"taxable","11":"shipping-taxable","12":"product-type-simple"},"_links":{"self":[{"href":"https:\/\/www.arclite-shop.de\/fr\/wp-json\/wp\/v2\/product\/341090","targetHints":{"allow":["GET"]}}],"collection":[{"href":"https:\/\/www.arclite-shop.de\/fr\/wp-json\/wp\/v2\/product"}],"about":[{"href":"https:\/\/www.arclite-shop.de\/fr\/wp-json\/wp\/v2\/types\/product"}],"wp:featuredmedia":[{"embeddable":true,"href":"https:\/\/www.arclite-shop.de\/fr\/wp-json\/wp\/v2\/media\/370453"}],"wp:attachment":[{"href":"https:\/\/www.arclite-shop.de\/fr\/wp-json\/wp\/v2\/media?parent=341090"}],"wp:term":[{"taxonomy":"product_brand","embeddable":true,"href":"https:\/\/www.arclite-shop.de\/fr\/wp-json\/wp\/v2\/product_brand?post=341090"},{"taxonomy":"product_cat","embeddable":true,"href":"https:\/\/www.arclite-shop.de\/fr\/wp-json\/wp\/v2\/product_cat?post=341090"},{"taxonomy":"product_tag","embeddable":true,"href":"https:\/\/www.arclite-shop.de\/fr\/wp-json\/wp\/v2\/product_tag?post=341090"}],"curies":[{"name":"wp","href":"https:\/\/api.w.org\/{rel}","templated":true}]}}