{"id":341066,"date":"2024-10-31T10:18:40","date_gmt":"2024-10-31T09:18:40","guid":{"rendered":"https:\/\/www.arclite-shop.de\/produkt\/111-575-0-7227-8\/"},"modified":"2026-04-18T18:41:56","modified_gmt":"2026-04-18T16:41:56","slug":"111-575-0-7227-8","status":"publish","type":"product","link":"https:\/\/www.arclite-shop.de\/fr\/produkt\/111-575-0-7227-8\/","title":{"rendered":"Potentiom\u00e8tre int\u00e9gr\u00e9 EUTRAC pour ONETRACK avec bus de donn\u00e9es, gris 575 0 7227 8"},"content":{"rendered":"<p>EUTRAC ONETRACK Einbautopf, grau. Geh\u00e4use aus PC. Stahlfedern, Max. Zugbelastung: 50N. Befestigungsdicke\/ Spannbereich: 1 \u2013 30mm.<\/p>\n","protected":false},"excerpt":{"rendered":"<p>EUTRAC ONETRACK Einbautopf, grau. Geh\u00e4use aus PC. Stahlfedern, Max. Zugbelastung: 50N. Befestigungsdicke\/ Spannbereich: 1 \u2013 30mm.<\/p>\n","protected":false},"featured_media":370051,"template":"","meta":[],"product_brand":[],"product_cat":[84574],"product_tag":[],"class_list":{"0":"post-341066","1":"product","2":"type-product","3":"status-publish","4":"has-post-thumbnail","6":"product_cat-elektrisches-zubehoer-ersatzteile-fuer-leuchten","8":"first","9":"instock","10":"taxable","11":"shipping-taxable","12":"product-type-simple"},"_links":{"self":[{"href":"https:\/\/www.arclite-shop.de\/fr\/wp-json\/wp\/v2\/product\/341066","targetHints":{"allow":["GET"]}}],"collection":[{"href":"https:\/\/www.arclite-shop.de\/fr\/wp-json\/wp\/v2\/product"}],"about":[{"href":"https:\/\/www.arclite-shop.de\/fr\/wp-json\/wp\/v2\/types\/product"}],"wp:featuredmedia":[{"embeddable":true,"href":"https:\/\/www.arclite-shop.de\/fr\/wp-json\/wp\/v2\/media\/370051"}],"wp:attachment":[{"href":"https:\/\/www.arclite-shop.de\/fr\/wp-json\/wp\/v2\/media?parent=341066"}],"wp:term":[{"taxonomy":"product_brand","embeddable":true,"href":"https:\/\/www.arclite-shop.de\/fr\/wp-json\/wp\/v2\/product_brand?post=341066"},{"taxonomy":"product_cat","embeddable":true,"href":"https:\/\/www.arclite-shop.de\/fr\/wp-json\/wp\/v2\/product_cat?post=341066"},{"taxonomy":"product_tag","embeddable":true,"href":"https:\/\/www.arclite-shop.de\/fr\/wp-json\/wp\/v2\/product_tag?post=341066"}],"curies":[{"name":"wp","href":"https:\/\/api.w.org\/{rel}","templated":true}]}}