{"id":341050,"date":"2024-10-31T10:18:30","date_gmt":"2024-10-31T09:18:30","guid":{"rendered":"https:\/\/www.arclite-shop.de\/produkt\/111-575-2-6710-6\/"},"modified":"2026-04-23T00:10:28","modified_gmt":"2026-04-22T22:10:28","slug":"111-575-2-6710-6","status":"publish","type":"product","link":"https:\/\/www.arclite-shop.de\/fr\/produkt\/111-575-2-6710-6\/","title":{"rendered":"Adaptateur multi-EUTRAC pour montage triphas\u00e9 et rail + bus de donn\u00e9es ONETRACK white 575 2 6710 6"},"content":{"rendered":"<p>EUTRAC ONETRACK MultiAdapter DALI, 230V, weiss. Geh\u00e4use aus PC. Kupferlegierte Kontakte. Max. Zugbelastung: 100N.<\/p>\n","protected":false},"excerpt":{"rendered":"<p>EUTRAC ONETRACK MultiAdapter DALI, 230V, weiss. Geh\u00e4use aus PC. Kupferlegierte Kontakte. Max. Zugbelastung: 100N.<\/p>\n","protected":false},"featured_media":370071,"template":"","meta":[],"product_brand":[],"product_cat":[84574],"product_tag":[],"class_list":{"0":"post-341050","1":"product","2":"type-product","3":"status-publish","4":"has-post-thumbnail","6":"product_cat-elektrisches-zubehoer-ersatzteile-fuer-leuchten","8":"first","9":"instock","10":"taxable","11":"shipping-taxable","12":"product-type-simple"},"_links":{"self":[{"href":"https:\/\/www.arclite-shop.de\/fr\/wp-json\/wp\/v2\/product\/341050","targetHints":{"allow":["GET"]}}],"collection":[{"href":"https:\/\/www.arclite-shop.de\/fr\/wp-json\/wp\/v2\/product"}],"about":[{"href":"https:\/\/www.arclite-shop.de\/fr\/wp-json\/wp\/v2\/types\/product"}],"wp:featuredmedia":[{"embeddable":true,"href":"https:\/\/www.arclite-shop.de\/fr\/wp-json\/wp\/v2\/media\/370071"}],"wp:attachment":[{"href":"https:\/\/www.arclite-shop.de\/fr\/wp-json\/wp\/v2\/media?parent=341050"}],"wp:term":[{"taxonomy":"product_brand","embeddable":true,"href":"https:\/\/www.arclite-shop.de\/fr\/wp-json\/wp\/v2\/product_brand?post=341050"},{"taxonomy":"product_cat","embeddable":true,"href":"https:\/\/www.arclite-shop.de\/fr\/wp-json\/wp\/v2\/product_cat?post=341050"},{"taxonomy":"product_tag","embeddable":true,"href":"https:\/\/www.arclite-shop.de\/fr\/wp-json\/wp\/v2\/product_tag?post=341050"}],"curies":[{"name":"wp","href":"https:\/\/api.w.org\/{rel}","templated":true}]}}