{"id":341032,"date":"2024-10-31T10:18:18","date_gmt":"2024-10-31T09:18:18","guid":{"rendered":"https:\/\/www.arclite-shop.de\/produkt\/111-575-2-5203-2\/"},"modified":"2026-04-18T18:45:13","modified_gmt":"2026-04-18T16:45:13","slug":"111-575-2-5203-2","status":"publish","type":"product","link":"https:\/\/www.arclite-shop.de\/fr\/produkt\/111-575-2-5203-2\/","title":{"rendered":"Alimentateur central EUTRAC pour rail mont\u00e9 triphas\u00e9 + bus de donn\u00e9es, ONETRACK noir 575 2 5203 2"},"content":{"rendered":"<p>EUTRAC ONETRACK Mitteneinspeiser, schwarz. Geh\u00e4use aus PC. Kupferlegierte Kontakte.<\/p>\n","protected":false},"excerpt":{"rendered":"<p>EUTRAC ONETRACK Mitteneinspeiser, schwarz. Geh\u00e4use aus PC. Kupferlegierte Kontakte.<\/p>\n","protected":false},"featured_media":370095,"template":"","meta":[],"product_brand":[],"product_cat":[84574],"product_tag":[],"class_list":{"0":"post-341032","1":"product","2":"type-product","3":"status-publish","4":"has-post-thumbnail","6":"product_cat-elektrisches-zubehoer-ersatzteile-fuer-leuchten","8":"first","9":"instock","10":"taxable","11":"shipping-taxable","12":"product-type-simple"},"_links":{"self":[{"href":"https:\/\/www.arclite-shop.de\/fr\/wp-json\/wp\/v2\/product\/341032","targetHints":{"allow":["GET"]}}],"collection":[{"href":"https:\/\/www.arclite-shop.de\/fr\/wp-json\/wp\/v2\/product"}],"about":[{"href":"https:\/\/www.arclite-shop.de\/fr\/wp-json\/wp\/v2\/types\/product"}],"wp:featuredmedia":[{"embeddable":true,"href":"https:\/\/www.arclite-shop.de\/fr\/wp-json\/wp\/v2\/media\/370095"}],"wp:attachment":[{"href":"https:\/\/www.arclite-shop.de\/fr\/wp-json\/wp\/v2\/media?parent=341032"}],"wp:term":[{"taxonomy":"product_brand","embeddable":true,"href":"https:\/\/www.arclite-shop.de\/fr\/wp-json\/wp\/v2\/product_brand?post=341032"},{"taxonomy":"product_cat","embeddable":true,"href":"https:\/\/www.arclite-shop.de\/fr\/wp-json\/wp\/v2\/product_cat?post=341032"},{"taxonomy":"product_tag","embeddable":true,"href":"https:\/\/www.arclite-shop.de\/fr\/wp-json\/wp\/v2\/product_tag?post=341032"}],"curies":[{"name":"wp","href":"https:\/\/api.w.org\/{rel}","templated":true}]}}