{"id":340975,"date":"2024-10-31T10:17:41","date_gmt":"2024-10-31T09:17:41","guid":{"rendered":"https:\/\/www.arclite-shop.de\/produkt\/111-555-0-7227-6\/"},"modified":"2026-04-18T18:48:47","modified_gmt":"2026-04-18T16:48:47","slug":"111-555-0-7227-6","status":"publish","type":"product","link":"https:\/\/www.arclite-shop.de\/fr\/produkt\/111-555-0-7227-6\/","title":{"rendered":"Pot int\u00e9gr\u00e9 EUTRAC Point Outlet pour EUTRAC et EUTRAC Data Bus Point Point - blanc 555 0 7227 6"},"content":{"rendered":"<p>EUTRAC Einbautopf f\u00fcr EUTRAC Standard und Datenbus Punktauslass. Ausgelegt f\u00fcr Deckenst\u00e4rken bis 30 mm, Mindesteinbauh\u00f6he 75 mm, Deckenausschnitt \u00d8 126 mm. Bis 10 kg belastbar.<\/p>\n","protected":false},"excerpt":{"rendered":"<p>EUTRAC Einbautopf f\u00fcr EUTRAC Standard und Datenbus Punktauslass. Ausgelegt f\u00fcr Deckenst\u00e4rken bis 30 mm, Mindesteinbauh\u00f6he 75 mm, Deckenausschnitt \u00d8 126 mm. Bis 10 kg belastbar.<\/p>\n","protected":false},"featured_media":370055,"template":"","meta":[],"product_brand":[],"product_cat":[84574],"product_tag":[],"class_list":{"0":"post-340975","1":"product","2":"type-product","3":"status-publish","4":"has-post-thumbnail","6":"product_cat-elektrisches-zubehoer-ersatzteile-fuer-leuchten","8":"first","9":"instock","10":"taxable","11":"shipping-taxable","12":"product-type-simple"},"_links":{"self":[{"href":"https:\/\/www.arclite-shop.de\/fr\/wp-json\/wp\/v2\/product\/340975","targetHints":{"allow":["GET"]}}],"collection":[{"href":"https:\/\/www.arclite-shop.de\/fr\/wp-json\/wp\/v2\/product"}],"about":[{"href":"https:\/\/www.arclite-shop.de\/fr\/wp-json\/wp\/v2\/types\/product"}],"wp:featuredmedia":[{"embeddable":true,"href":"https:\/\/www.arclite-shop.de\/fr\/wp-json\/wp\/v2\/media\/370055"}],"wp:attachment":[{"href":"https:\/\/www.arclite-shop.de\/fr\/wp-json\/wp\/v2\/media?parent=340975"}],"wp:term":[{"taxonomy":"product_brand","embeddable":true,"href":"https:\/\/www.arclite-shop.de\/fr\/wp-json\/wp\/v2\/product_brand?post=340975"},{"taxonomy":"product_cat","embeddable":true,"href":"https:\/\/www.arclite-shop.de\/fr\/wp-json\/wp\/v2\/product_cat?post=340975"},{"taxonomy":"product_tag","embeddable":true,"href":"https:\/\/www.arclite-shop.de\/fr\/wp-json\/wp\/v2\/product_tag?post=340975"}],"curies":[{"name":"wp","href":"https:\/\/api.w.org\/{rel}","templated":true}]}}