{"id":340972,"date":"2024-10-31T10:17:39","date_gmt":"2024-10-31T09:17:39","guid":{"rendered":"https:\/\/www.arclite-shop.de\/produkt\/111-555-0-7228-6\/"},"modified":"2026-04-18T18:48:59","modified_gmt":"2026-04-18T16:48:59","slug":"111-555-0-7228-6","status":"publish","type":"product","link":"https:\/\/www.arclite-shop.de\/fr\/produkt\/111-555-0-7228-6\/","title":{"rendered":"Prise de point de bus de donn\u00e9es EUTRAC avec contact de bus de donn\u00e9es - blanc 555 0 7228 6"},"content":{"rendered":"<p>EUTRAC Aufbau-Universal-Punktauslass mit Datenbus-Kontakt geeignet f\u00fcr 3-Phasen Multi-Adapter und UniCompactAdapter mit und ohne Datenbusabgriff und Universaladaptoren anderer Hersteller, max. L\u00e4nge 95 mm, bis 10 kg belastbar<\/p>\n","protected":false},"excerpt":{"rendered":"<p>EUTRAC Aufbau-Universal-Punktauslass mit Datenbus-Kontakt geeignet f\u00fcr 3-Phasen Multi-Adapter und UniCompactAdapter mit und ohne Datenbusabgriff und Universaladaptoren anderer Hersteller, max. L\u00e4nge 95 mm, bis 10 kg belastbar<\/p>\n","protected":false},"featured_media":370147,"template":"","meta":[],"product_brand":[],"product_cat":[84574],"product_tag":[],"class_list":{"0":"post-340972","1":"product","2":"type-product","3":"status-publish","4":"has-post-thumbnail","6":"product_cat-elektrisches-zubehoer-ersatzteile-fuer-leuchten","8":"first","9":"instock","10":"taxable","11":"shipping-taxable","12":"product-type-simple"},"_links":{"self":[{"href":"https:\/\/www.arclite-shop.de\/fr\/wp-json\/wp\/v2\/product\/340972","targetHints":{"allow":["GET"]}}],"collection":[{"href":"https:\/\/www.arclite-shop.de\/fr\/wp-json\/wp\/v2\/product"}],"about":[{"href":"https:\/\/www.arclite-shop.de\/fr\/wp-json\/wp\/v2\/types\/product"}],"wp:featuredmedia":[{"embeddable":true,"href":"https:\/\/www.arclite-shop.de\/fr\/wp-json\/wp\/v2\/media\/370147"}],"wp:attachment":[{"href":"https:\/\/www.arclite-shop.de\/fr\/wp-json\/wp\/v2\/media?parent=340972"}],"wp:term":[{"taxonomy":"product_brand","embeddable":true,"href":"https:\/\/www.arclite-shop.de\/fr\/wp-json\/wp\/v2\/product_brand?post=340972"},{"taxonomy":"product_cat","embeddable":true,"href":"https:\/\/www.arclite-shop.de\/fr\/wp-json\/wp\/v2\/product_cat?post=340972"},{"taxonomy":"product_tag","embeddable":true,"href":"https:\/\/www.arclite-shop.de\/fr\/wp-json\/wp\/v2\/product_tag?post=340972"}],"curies":[{"name":"wp","href":"https:\/\/api.w.org\/{rel}","templated":true}]}}