{"id":340971,"date":"2024-10-31T10:17:38","date_gmt":"2024-10-31T09:17:38","guid":{"rendered":"https:\/\/www.arclite-shop.de\/produkt\/111-99-018-3\/"},"modified":"2026-04-18T18:50:09","modified_gmt":"2026-04-18T16:50:09","slug":"111-99-018-3","status":"publish","type":"product","link":"https:\/\/www.arclite-shop.de\/fr\/produkt\/111-99-018-3\/","title":{"rendered":"Clip de plafond EUTRAC Clip de plafond pour compenser l\u2019irr\u00e9gularit\u00e9 du plafond - argent 99-018-3"},"content":{"rendered":"<p>EUTRAC Deckenclip f\u00fcr Deckenanbaumontage zum Ausgleich von Deckenunebenheiten, mit Langloch 14x7mm, bei T-Schienenmontage Halteclip 88-000-0 verwenden, Material Aluminium eloxiert &#8211; silber<\/p>\n","protected":false},"excerpt":{"rendered":"<p>EUTRAC Deckenclip f\u00fcr Deckenanbaumontage zum Ausgleich von Deckenunebenheiten, mit Langloch 14x7mm, bei T-Schienenmontage Halteclip 88-000-0 verwenden, Material Aluminium eloxiert &#8211; silber<\/p>\n","protected":false},"featured_media":370079,"template":"","meta":[],"product_brand":[],"product_cat":[84591],"product_tag":[],"class_list":{"0":"post-340971","1":"product","2":"type-product","3":"status-publish","4":"has-post-thumbnail","6":"product_cat-mechanisches-zubehoer-ersatzteile-fuer-leuchten","8":"first","9":"instock","10":"taxable","11":"shipping-taxable","12":"product-type-simple"},"_links":{"self":[{"href":"https:\/\/www.arclite-shop.de\/fr\/wp-json\/wp\/v2\/product\/340971","targetHints":{"allow":["GET"]}}],"collection":[{"href":"https:\/\/www.arclite-shop.de\/fr\/wp-json\/wp\/v2\/product"}],"about":[{"href":"https:\/\/www.arclite-shop.de\/fr\/wp-json\/wp\/v2\/types\/product"}],"wp:featuredmedia":[{"embeddable":true,"href":"https:\/\/www.arclite-shop.de\/fr\/wp-json\/wp\/v2\/media\/370079"}],"wp:attachment":[{"href":"https:\/\/www.arclite-shop.de\/fr\/wp-json\/wp\/v2\/media?parent=340971"}],"wp:term":[{"taxonomy":"product_brand","embeddable":true,"href":"https:\/\/www.arclite-shop.de\/fr\/wp-json\/wp\/v2\/product_brand?post=340971"},{"taxonomy":"product_cat","embeddable":true,"href":"https:\/\/www.arclite-shop.de\/fr\/wp-json\/wp\/v2\/product_cat?post=340971"},{"taxonomy":"product_tag","embeddable":true,"href":"https:\/\/www.arclite-shop.de\/fr\/wp-json\/wp\/v2\/product_tag?post=340971"}],"curies":[{"name":"wp","href":"https:\/\/api.w.org\/{rel}","templated":true}]}}