{"id":340960,"date":"2024-10-31T10:17:31","date_gmt":"2024-10-31T09:17:31","guid":{"rendered":"https:\/\/www.arclite-shop.de\/produkt\/111-99-067-6\/"},"modified":"2026-04-18T18:50:43","modified_gmt":"2026-04-18T16:50:43","slug":"111-99-067-6","status":"publish","type":"product","link":"https:\/\/www.arclite-shop.de\/fr\/produkt\/111-99-067-6\/","title":{"rendered":"Crochet EUTRAC pour c\u00e2bles m\u00e9talliques jusqu\u2019\u00e0 2 mm - blanc 99-067-6"},"content":{"rendered":"<p>EUTRAC Mechanischer Universalhaken, Abh\u00e4ngem\u00f6glichkeit f\u00fcr Shop und Display, auch f\u00fcr Aufh\u00e4ngung von Langfeldleuchten, f\u00fcr Stahlseile bis 2mm, passend f\u00fcr andere Stromschienen &#8211; weiss<\/p>\n","protected":false},"excerpt":{"rendered":"<p>EUTRAC Mechanischer Universalhaken, Abh\u00e4ngem\u00f6glichkeit f\u00fcr Shop und Display, auch f\u00fcr Aufh\u00e4ngung von Langfeldleuchten, f\u00fcr Stahlseile bis 2mm, passend f\u00fcr andere Stromschienen &#8211; weiss<\/p>\n","protected":false},"featured_media":370159,"template":"","meta":[],"product_brand":[],"product_cat":[84591],"product_tag":[],"class_list":{"0":"post-340960","1":"product","2":"type-product","3":"status-publish","4":"has-post-thumbnail","6":"product_cat-mechanisches-zubehoer-ersatzteile-fuer-leuchten","8":"first","9":"instock","10":"taxable","11":"shipping-taxable","12":"product-type-simple"},"_links":{"self":[{"href":"https:\/\/www.arclite-shop.de\/fr\/wp-json\/wp\/v2\/product\/340960","targetHints":{"allow":["GET"]}}],"collection":[{"href":"https:\/\/www.arclite-shop.de\/fr\/wp-json\/wp\/v2\/product"}],"about":[{"href":"https:\/\/www.arclite-shop.de\/fr\/wp-json\/wp\/v2\/types\/product"}],"wp:featuredmedia":[{"embeddable":true,"href":"https:\/\/www.arclite-shop.de\/fr\/wp-json\/wp\/v2\/media\/370159"}],"wp:attachment":[{"href":"https:\/\/www.arclite-shop.de\/fr\/wp-json\/wp\/v2\/media?parent=340960"}],"wp:term":[{"taxonomy":"product_brand","embeddable":true,"href":"https:\/\/www.arclite-shop.de\/fr\/wp-json\/wp\/v2\/product_brand?post=340960"},{"taxonomy":"product_cat","embeddable":true,"href":"https:\/\/www.arclite-shop.de\/fr\/wp-json\/wp\/v2\/product_cat?post=340960"},{"taxonomy":"product_tag","embeddable":true,"href":"https:\/\/www.arclite-shop.de\/fr\/wp-json\/wp\/v2\/product_tag?post=340960"}],"curies":[{"name":"wp","href":"https:\/\/api.w.org\/{rel}","templated":true}]}}