{"id":340925,"date":"2024-10-31T10:17:10","date_gmt":"2024-10-31T09:17:10","guid":{"rendered":"https:\/\/www.arclite-shop.de\/produkt\/111-555-2-1216-3\/"},"modified":"2026-04-18T18:52:46","modified_gmt":"2026-04-18T16:52:46","slug":"111-555-2-1216-3","status":"publish","type":"product","link":"https:\/\/www.arclite-shop.de\/fr\/produkt\/111-555-2-1216-3\/","title":{"rendered":"EUTRAC Data Bus X-Connector pour rail 3-Surface mont\u00e9 en surface + Databus, X-Connector avec option d\u2019entr\u00e9e - argent 555 2 1216 3"},"content":{"rendered":"<p>EUTRAC Datenbus X-Verbinder f\u00fcr 3-Phasen Aufbauschiene + Datenbus, mit Einspeisem\u00f6glichkeit silber <\/p>\n","protected":false},"excerpt":{"rendered":"<p>EUTRAC Datenbus X-Verbinder f\u00fcr 3-Phasen Aufbauschiene + Datenbus, mit Einspeisem\u00f6glichkeit silber<\/p>\n","protected":false},"featured_media":370181,"template":"","meta":[],"product_brand":[],"product_cat":[84574],"product_tag":[],"class_list":{"0":"post-340925","1":"product","2":"type-product","3":"status-publish","4":"has-post-thumbnail","6":"product_cat-elektrisches-zubehoer-ersatzteile-fuer-leuchten","8":"first","9":"instock","10":"taxable","11":"shipping-taxable","12":"product-type-simple"},"_links":{"self":[{"href":"https:\/\/www.arclite-shop.de\/fr\/wp-json\/wp\/v2\/product\/340925","targetHints":{"allow":["GET"]}}],"collection":[{"href":"https:\/\/www.arclite-shop.de\/fr\/wp-json\/wp\/v2\/product"}],"about":[{"href":"https:\/\/www.arclite-shop.de\/fr\/wp-json\/wp\/v2\/types\/product"}],"wp:featuredmedia":[{"embeddable":true,"href":"https:\/\/www.arclite-shop.de\/fr\/wp-json\/wp\/v2\/media\/370181"}],"wp:attachment":[{"href":"https:\/\/www.arclite-shop.de\/fr\/wp-json\/wp\/v2\/media?parent=340925"}],"wp:term":[{"taxonomy":"product_brand","embeddable":true,"href":"https:\/\/www.arclite-shop.de\/fr\/wp-json\/wp\/v2\/product_brand?post=340925"},{"taxonomy":"product_cat","embeddable":true,"href":"https:\/\/www.arclite-shop.de\/fr\/wp-json\/wp\/v2\/product_cat?post=340925"},{"taxonomy":"product_tag","embeddable":true,"href":"https:\/\/www.arclite-shop.de\/fr\/wp-json\/wp\/v2\/product_tag?post=340925"}],"curies":[{"name":"wp","href":"https:\/\/api.w.org\/{rel}","templated":true}]}}