{"id":340924,"date":"2024-10-31T10:17:09","date_gmt":"2024-10-31T09:17:09","guid":{"rendered":"https:\/\/www.arclite-shop.de\/produkt\/111-555-2-1216-2\/"},"modified":"2026-04-18T18:52:58","modified_gmt":"2026-04-18T16:52:58","slug":"111-555-2-1216-2","status":"publish","type":"product","link":"https:\/\/www.arclite-shop.de\/fr\/produkt\/111-555-2-1216-2\/","title":{"rendered":"EUTRAC Data Bus X-Connector pour rail 3-phas\u00e9 mont\u00e9 en surface + bus de donn\u00e9es, X-Connector avec option d\u2019alimentation - noir 555 2 1216 2"},"content":{"rendered":"<p>EUTRAC Datenbus X-Verbinder f\u00fcr 3-Phasen Aufbauschiene + Datenbus, mit Einspeisem\u00f6glichkeit schwarz <\/p>\n","protected":false},"excerpt":{"rendered":"<p>EUTRAC Datenbus X-Verbinder f\u00fcr 3-Phasen Aufbauschiene + Datenbus, mit Einspeisem\u00f6glichkeit schwarz<\/p>\n","protected":false},"featured_media":370101,"template":"","meta":[],"product_brand":[],"product_cat":[84574],"product_tag":[],"class_list":{"0":"post-340924","1":"product","2":"type-product","3":"status-publish","4":"has-post-thumbnail","6":"product_cat-elektrisches-zubehoer-ersatzteile-fuer-leuchten","8":"first","9":"instock","10":"taxable","11":"shipping-taxable","12":"product-type-simple"},"_links":{"self":[{"href":"https:\/\/www.arclite-shop.de\/fr\/wp-json\/wp\/v2\/product\/340924","targetHints":{"allow":["GET"]}}],"collection":[{"href":"https:\/\/www.arclite-shop.de\/fr\/wp-json\/wp\/v2\/product"}],"about":[{"href":"https:\/\/www.arclite-shop.de\/fr\/wp-json\/wp\/v2\/types\/product"}],"wp:featuredmedia":[{"embeddable":true,"href":"https:\/\/www.arclite-shop.de\/fr\/wp-json\/wp\/v2\/media\/370101"}],"wp:attachment":[{"href":"https:\/\/www.arclite-shop.de\/fr\/wp-json\/wp\/v2\/media?parent=340924"}],"wp:term":[{"taxonomy":"product_brand","embeddable":true,"href":"https:\/\/www.arclite-shop.de\/fr\/wp-json\/wp\/v2\/product_brand?post=340924"},{"taxonomy":"product_cat","embeddable":true,"href":"https:\/\/www.arclite-shop.de\/fr\/wp-json\/wp\/v2\/product_cat?post=340924"},{"taxonomy":"product_tag","embeddable":true,"href":"https:\/\/www.arclite-shop.de\/fr\/wp-json\/wp\/v2\/product_tag?post=340924"}],"curies":[{"name":"wp","href":"https:\/\/api.w.org\/{rel}","templated":true}]}}