{"id":340911,"date":"2024-10-31T10:17:01","date_gmt":"2024-10-31T09:17:01","guid":{"rendered":"https:\/\/www.arclite-shop.de\/produkt\/111-555-2-1213-2\/"},"modified":"2026-04-18T18:53:36","modified_gmt":"2026-04-18T16:53:36","slug":"111-555-2-1213-2","status":"publish","type":"product","link":"https:\/\/www.arclite-shop.de\/fr\/produkt\/111-555-2-1213-2\/","title":{"rendered":"Connecteur EUTRAC Databus-T pour rail triphas\u00e9 mont\u00e9 en surface, conducteur de protection \u00e0 l\u2019int\u00e9rieur, \u00e0 gauche, avec option d\u2019alimentation - noir 555 2 1213 2"},"content":{"rendered":"<p>EUTRAC Datenbus T-Verbinder f\u00fcr 3-Phasen Aufbauschiene + Datenbus, Schutzleiter innen, links, mit Einspeisem\u00f6glichkeit schwarz <\/p>\n","protected":false},"excerpt":{"rendered":"<p>EUTRAC Datenbus T-Verbinder f\u00fcr 3-Phasen Aufbauschiene + Datenbus, Schutzleiter innen, links, mit Einspeisem\u00f6glichkeit schwarz<\/p>\n","protected":false},"featured_media":370107,"template":"","meta":[],"product_brand":[],"product_cat":[84574],"product_tag":[],"class_list":{"0":"post-340911","1":"product","2":"type-product","3":"status-publish","4":"has-post-thumbnail","6":"product_cat-elektrisches-zubehoer-ersatzteile-fuer-leuchten","8":"first","9":"instock","10":"taxable","11":"shipping-taxable","12":"product-type-simple"},"_links":{"self":[{"href":"https:\/\/www.arclite-shop.de\/fr\/wp-json\/wp\/v2\/product\/340911","targetHints":{"allow":["GET"]}}],"collection":[{"href":"https:\/\/www.arclite-shop.de\/fr\/wp-json\/wp\/v2\/product"}],"about":[{"href":"https:\/\/www.arclite-shop.de\/fr\/wp-json\/wp\/v2\/types\/product"}],"wp:featuredmedia":[{"embeddable":true,"href":"https:\/\/www.arclite-shop.de\/fr\/wp-json\/wp\/v2\/media\/370107"}],"wp:attachment":[{"href":"https:\/\/www.arclite-shop.de\/fr\/wp-json\/wp\/v2\/media?parent=340911"}],"wp:term":[{"taxonomy":"product_brand","embeddable":true,"href":"https:\/\/www.arclite-shop.de\/fr\/wp-json\/wp\/v2\/product_brand?post=340911"},{"taxonomy":"product_cat","embeddable":true,"href":"https:\/\/www.arclite-shop.de\/fr\/wp-json\/wp\/v2\/product_cat?post=340911"},{"taxonomy":"product_tag","embeddable":true,"href":"https:\/\/www.arclite-shop.de\/fr\/wp-json\/wp\/v2\/product_tag?post=340911"}],"curies":[{"name":"wp","href":"https:\/\/api.w.org\/{rel}","templated":true}]}}