{"id":340903,"date":"2024-10-31T10:16:56","date_gmt":"2024-10-31T09:16:56","guid":{"rendered":"https:\/\/www.arclite-shop.de\/produkt\/111-555-2-1211-6\/"},"modified":"2026-04-18T18:54:17","modified_gmt":"2026-04-18T16:54:17","slug":"111-555-2-1211-6","status":"publish","type":"product","link":"https:\/\/www.arclite-shop.de\/fr\/produkt\/111-555-2-1211-6\/","title":{"rendered":"Connecteur flexible EUTRAC Data Bus pour rail de surface triphas\u00e9 + bus de donn\u00e9es, connecteur \u00e9lectrique flexible d\u2019angle, 30\u00b0-330\u00b0 - blanc 555 2 1211 6"},"content":{"rendered":"<p>EUTRAC Datenbus Flexverbinder f\u00fcr 3-Phasen Aufbauschiene + Datenbus, flexibler elektrischer Eckverbinder, 30\u00b0-330\u00b0 weiss<\/p>\n","protected":false},"excerpt":{"rendered":"<p>EUTRAC Datenbus Flexverbinder f\u00fcr 3-Phasen Aufbauschiene + Datenbus, flexibler elektrischer Eckverbinder, 30\u00b0-330\u00b0 weiss<\/p>\n","protected":false},"featured_media":370109,"template":"","meta":[],"product_brand":[],"product_cat":[84574],"product_tag":[],"class_list":{"0":"post-340903","1":"product","2":"type-product","3":"status-publish","4":"has-post-thumbnail","6":"product_cat-elektrisches-zubehoer-ersatzteile-fuer-leuchten","8":"first","9":"instock","10":"taxable","11":"shipping-taxable","12":"product-type-simple"},"_links":{"self":[{"href":"https:\/\/www.arclite-shop.de\/fr\/wp-json\/wp\/v2\/product\/340903","targetHints":{"allow":["GET"]}}],"collection":[{"href":"https:\/\/www.arclite-shop.de\/fr\/wp-json\/wp\/v2\/product"}],"about":[{"href":"https:\/\/www.arclite-shop.de\/fr\/wp-json\/wp\/v2\/types\/product"}],"wp:featuredmedia":[{"embeddable":true,"href":"https:\/\/www.arclite-shop.de\/fr\/wp-json\/wp\/v2\/media\/370109"}],"wp:attachment":[{"href":"https:\/\/www.arclite-shop.de\/fr\/wp-json\/wp\/v2\/media?parent=340903"}],"wp:term":[{"taxonomy":"product_brand","embeddable":true,"href":"https:\/\/www.arclite-shop.de\/fr\/wp-json\/wp\/v2\/product_brand?post=340903"},{"taxonomy":"product_cat","embeddable":true,"href":"https:\/\/www.arclite-shop.de\/fr\/wp-json\/wp\/v2\/product_cat?post=340903"},{"taxonomy":"product_tag","embeddable":true,"href":"https:\/\/www.arclite-shop.de\/fr\/wp-json\/wp\/v2\/product_tag?post=340903"}],"curies":[{"name":"wp","href":"https:\/\/api.w.org\/{rel}","templated":true}]}}