{"id":340885,"date":"2024-10-31T10:16:44","date_gmt":"2024-10-31T09:16:44","guid":{"rendered":"https:\/\/www.arclite-shop.de\/produkt\/111-555-2-5203-2\/"},"modified":"2026-04-18T18:55:30","modified_gmt":"2026-04-18T16:55:30","slug":"111-555-2-5203-2","status":"publish","type":"product","link":"https:\/\/www.arclite-shop.de\/fr\/produkt\/111-555-2-5203-2\/","title":{"rendered":"Alimentateur du centre de bus de donn\u00e9es EUTRAC pour rail 3-phas\u00e9 mont\u00e9 en surface et rail de montage + bus de donn\u00e9es - noir 555 2 5203 2"},"content":{"rendered":"<p>EUTRAC Datenbus Mitteleinspeiser f\u00fcr 3-Phasen Aufbauschiene und Einbauschiene + Datenbus schwarz <\/p>\n","protected":false},"excerpt":{"rendered":"<p>EUTRAC Datenbus Mitteleinspeiser f\u00fcr 3-Phasen Aufbauschiene und Einbauschiene + Datenbus schwarz<\/p>\n","protected":false},"featured_media":370095,"template":"","meta":[],"product_brand":[],"product_cat":[84574],"product_tag":[],"class_list":{"0":"post-340885","1":"product","2":"type-product","3":"status-publish","4":"has-post-thumbnail","6":"product_cat-elektrisches-zubehoer-ersatzteile-fuer-leuchten","8":"first","9":"instock","10":"taxable","11":"shipping-taxable","12":"product-type-simple"},"_links":{"self":[{"href":"https:\/\/www.arclite-shop.de\/fr\/wp-json\/wp\/v2\/product\/340885","targetHints":{"allow":["GET"]}}],"collection":[{"href":"https:\/\/www.arclite-shop.de\/fr\/wp-json\/wp\/v2\/product"}],"about":[{"href":"https:\/\/www.arclite-shop.de\/fr\/wp-json\/wp\/v2\/types\/product"}],"wp:featuredmedia":[{"embeddable":true,"href":"https:\/\/www.arclite-shop.de\/fr\/wp-json\/wp\/v2\/media\/370095"}],"wp:attachment":[{"href":"https:\/\/www.arclite-shop.de\/fr\/wp-json\/wp\/v2\/media?parent=340885"}],"wp:term":[{"taxonomy":"product_brand","embeddable":true,"href":"https:\/\/www.arclite-shop.de\/fr\/wp-json\/wp\/v2\/product_brand?post=340885"},{"taxonomy":"product_cat","embeddable":true,"href":"https:\/\/www.arclite-shop.de\/fr\/wp-json\/wp\/v2\/product_cat?post=340885"},{"taxonomy":"product_tag","embeddable":true,"href":"https:\/\/www.arclite-shop.de\/fr\/wp-json\/wp\/v2\/product_tag?post=340885"}],"curies":[{"name":"wp","href":"https:\/\/api.w.org\/{rel}","templated":true}]}}