{"id":340830,"date":"2024-10-31T10:16:07","date_gmt":"2024-10-31T09:16:07","guid":{"rendered":"https:\/\/www.arclite-shop.de\/produkt\/111-555-1-1209-2\/"},"modified":"2026-04-27T06:10:35","modified_gmt":"2026-04-27T04:10:35","slug":"111-555-1-1209-2","status":"publish","type":"product","link":"https:\/\/www.arclite-shop.de\/fr\/produkt\/111-555-1-1209-2\/","title":{"rendered":"Connecteur EUTRAC en L pour rail triphas\u00e9 mont\u00e9 en surface, conducteur de protection \u00e0 l\u2019ext\u00e9rieur, avec option d\u2019alimentation - noir 555 1 1209 2"},"content":{"rendered":"<p>EUTRAC Standard L-Verbinder f\u00fcr 3-Phasen Aufbauschiene, Schutzleiter aussen, mit Einspeisem\u00f6glichkeit schwarz <\/p>\n","protected":false},"excerpt":{"rendered":"<p>EUTRAC Standard L-Verbinder f\u00fcr 3-Phasen Aufbauschiene, Schutzleiter aussen, mit Einspeisem\u00f6glichkeit schwarz<\/p>\n","protected":false},"featured_media":370117,"template":"","meta":[],"product_brand":[],"product_cat":[84574],"product_tag":[],"class_list":{"0":"post-340830","1":"product","2":"type-product","3":"status-publish","4":"has-post-thumbnail","6":"product_cat-elektrisches-zubehoer-ersatzteile-fuer-leuchten","8":"first","9":"instock","10":"taxable","11":"shipping-taxable","12":"product-type-simple"},"_links":{"self":[{"href":"https:\/\/www.arclite-shop.de\/fr\/wp-json\/wp\/v2\/product\/340830","targetHints":{"allow":["GET"]}}],"collection":[{"href":"https:\/\/www.arclite-shop.de\/fr\/wp-json\/wp\/v2\/product"}],"about":[{"href":"https:\/\/www.arclite-shop.de\/fr\/wp-json\/wp\/v2\/types\/product"}],"wp:featuredmedia":[{"embeddable":true,"href":"https:\/\/www.arclite-shop.de\/fr\/wp-json\/wp\/v2\/media\/370117"}],"wp:attachment":[{"href":"https:\/\/www.arclite-shop.de\/fr\/wp-json\/wp\/v2\/media?parent=340830"}],"wp:term":[{"taxonomy":"product_brand","embeddable":true,"href":"https:\/\/www.arclite-shop.de\/fr\/wp-json\/wp\/v2\/product_brand?post=340830"},{"taxonomy":"product_cat","embeddable":true,"href":"https:\/\/www.arclite-shop.de\/fr\/wp-json\/wp\/v2\/product_cat?post=340830"},{"taxonomy":"product_tag","embeddable":true,"href":"https:\/\/www.arclite-shop.de\/fr\/wp-json\/wp\/v2\/product_tag?post=340830"}],"curies":[{"name":"wp","href":"https:\/\/api.w.org\/{rel}","templated":true}]}}