{"id":340822,"date":"2024-10-31T10:16:01","date_gmt":"2024-10-31T09:16:01","guid":{"rendered":"https:\/\/www.arclite-shop.de\/produkt\/111-555-1-1206-3\/"},"modified":"2026-04-21T09:10:46","modified_gmt":"2026-04-21T07:10:46","slug":"111-555-1-1206-3","status":"publish","type":"product","link":"https:\/\/www.arclite-shop.de\/fr\/produkt\/111-555-1-1206-3\/","title":{"rendered":"Connecteur EUTRAC pour rail triphas\u00e9 mont\u00e9 en surface, connecteur longitudinal \u00e9lectrique - argent 555 1 1206 3"},"content":{"rendered":"<p>EUTRAC Standard Verbinder f\u00fcr 3-Phasen Aufbauschiene, elektrischer L\u00e4ngsverbinder &#8211; silber <\/p>\n","protected":false},"excerpt":{"rendered":"<p>EUTRAC Standard Verbinder f\u00fcr 3-Phasen Aufbauschiene, elektrischer L\u00e4ngsverbinder &#8211; silber<\/p>\n","protected":false},"featured_media":370205,"template":"","meta":[],"product_brand":[],"product_cat":[84574],"product_tag":[],"class_list":{"0":"post-340822","1":"product","2":"type-product","3":"status-publish","4":"has-post-thumbnail","6":"product_cat-elektrisches-zubehoer-ersatzteile-fuer-leuchten","8":"first","9":"instock","10":"taxable","11":"shipping-taxable","12":"product-type-simple"},"_links":{"self":[{"href":"https:\/\/www.arclite-shop.de\/fr\/wp-json\/wp\/v2\/product\/340822","targetHints":{"allow":["GET"]}}],"collection":[{"href":"https:\/\/www.arclite-shop.de\/fr\/wp-json\/wp\/v2\/product"}],"about":[{"href":"https:\/\/www.arclite-shop.de\/fr\/wp-json\/wp\/v2\/types\/product"}],"wp:featuredmedia":[{"embeddable":true,"href":"https:\/\/www.arclite-shop.de\/fr\/wp-json\/wp\/v2\/media\/370205"}],"wp:attachment":[{"href":"https:\/\/www.arclite-shop.de\/fr\/wp-json\/wp\/v2\/media?parent=340822"}],"wp:term":[{"taxonomy":"product_brand","embeddable":true,"href":"https:\/\/www.arclite-shop.de\/fr\/wp-json\/wp\/v2\/product_brand?post=340822"},{"taxonomy":"product_cat","embeddable":true,"href":"https:\/\/www.arclite-shop.de\/fr\/wp-json\/wp\/v2\/product_cat?post=340822"},{"taxonomy":"product_tag","embeddable":true,"href":"https:\/\/www.arclite-shop.de\/fr\/wp-json\/wp\/v2\/product_tag?post=340822"}],"curies":[{"name":"wp","href":"https:\/\/api.w.org\/{rel}","templated":true}]}}