{"id":701585,"date":"2025-05-02T14:24:55","date_gmt":"2025-05-02T12:24:55","guid":{"rendered":"https:\/\/www.arclite-shop.de\/produkt\/02-4099854311628\/"},"modified":"2026-04-16T09:11:09","modified_gmt":"2026-04-16T07:11:09","slug":"02-4099854311628","status":"publish","type":"product","link":"https:\/\/www.arclite-shop.de\/es\/produkt\/02-4099854311628\/","title":{"rendered":"La soluci\u00f3n para la renovaci\u00f3n: aplicable universalmente a los sistemas de iluminaci\u00f3n de fila continua existentes"},"content":{"rendered":"<p>Die L\u00f6sung f\u00fcr eine Sanierung &#8211; universell einsetzbar f\u00fcr bestehende Lichtbandsysteme. Produkteigenschaften: Multi Lumen Funktion: Leistungsstufen w\u00e4hlbar. Ausstrahlungswinkel: 90\u00b0 (W ), 60\u00b0 (N), 30\u00b0 (VN). Klickbare L\u00f6sung mit Druckkn\u00f6pfen. Lichtausbeute: bis zu 180 lm\/W. Lebensdauer (L80\/B10): bis zu 100.000 h (bei 25 \u00b0C). Anf\u00e4ngliche Farbkonsistenz: ? 3 SDCM (Schwellwerteinheit). Produktvorteile: Die L\u00f6sung f\u00fcr eine Sanierung &#8211; universell einsetzbar f\u00fcr bestehende Lichtbandsysteme. Einfache Installation, werkzeugloser Anschluss. Energiesparend und kosteng\u00fcnstig. Flexible Anwendung durch breites Sortiment an unterschiedlichen Lumenpaketen und Leuchten\u00f6ffnungswinkeln. 5 Jahre Garantie. Anwendungsgebiete: Direkter Ersatz f\u00fcr Leuchten mit Leuchtstofflampen. Industriehallen, Hochregallager, Baum\u00e4rkte. Discounter, Superm\u00e4rkte. Technische Ausstattung: Verschiedenes Zubeh\u00f6r erh\u00e4ltlich.<\/p>\n","protected":false},"excerpt":{"rendered":"<p>Die L\u00f6sung f\u00fcr eine Sanierung &#8211; universell einsetzbar f\u00fcr bestehende Lichtbandsysteme. Produkteigenschaften: Multi Lumen Funktion: Leistungsstufen w\u00e4hlbar. Ausstrahlungswinkel: 90\u00b0 (W ), 60\u00b0 (N), 30\u00b0 (VN). Klickbare L\u00f6sung mit Druckkn\u00f6pfen. Lichtausbeute: bis zu 180 lm\/W. Lebensdauer (L80\/B10): bis zu 100.000 h<span class=\"excerpt-hellip\"> [\u2026]<\/span><\/p>\n","protected":false},"featured_media":0,"template":"","meta":[],"product_brand":[],"product_cat":[87074],"product_tag":[],"class_list":{"0":"post-701585","1":"product","2":"type-product","3":"status-publish","5":"product_cat-geraetetraeger-fuer-lichtbandsystem","7":"first","8":"instock","9":"taxable","10":"shipping-taxable","11":"product-type-simple"},"_links":{"self":[{"href":"https:\/\/www.arclite-shop.de\/es\/wp-json\/wp\/v2\/product\/701585","targetHints":{"allow":["GET"]}}],"collection":[{"href":"https:\/\/www.arclite-shop.de\/es\/wp-json\/wp\/v2\/product"}],"about":[{"href":"https:\/\/www.arclite-shop.de\/es\/wp-json\/wp\/v2\/types\/product"}],"wp:attachment":[{"href":"https:\/\/www.arclite-shop.de\/es\/wp-json\/wp\/v2\/media?parent=701585"}],"wp:term":[{"taxonomy":"product_brand","embeddable":true,"href":"https:\/\/www.arclite-shop.de\/es\/wp-json\/wp\/v2\/product_brand?post=701585"},{"taxonomy":"product_cat","embeddable":true,"href":"https:\/\/www.arclite-shop.de\/es\/wp-json\/wp\/v2\/product_cat?post=701585"},{"taxonomy":"product_tag","embeddable":true,"href":"https:\/\/www.arclite-shop.de\/es\/wp-json\/wp\/v2\/product_tag?post=701585"}],"curies":[{"name":"wp","href":"https:\/\/api.w.org\/{rel}","templated":true}]}}