{"id":586922,"date":"2025-03-20T10:04:05","date_gmt":"2025-03-20T09:04:05","guid":{"rendered":"https:\/\/www.arclite-shop.de\/produkt\/02-4099854295171\/"},"modified":"2026-04-16T09:14:25","modified_gmt":"2026-04-16T07:14:25","slug":"02-4099854295171","status":"publish","type":"product","link":"https:\/\/www.arclite-shop.de\/es\/produkt\/02-4099854295171\/","title":{"rendered":"Controlador LED de corriente constante EXTERNO para TUBO LED EXTERNO T5\/T8"},"content":{"rendered":"<p>Konstantstrom LED Treiber EXTERNAL f\u00fcr LED TUBE EXTERNAL T5\/T8. Produkteigenschaften: Flexibilit\u00e4t durch einstellbare Ausgangsstr\u00f6me \u00fcber Dip-Schalter. Qualitatives Dimmen von 1&#8230;100 %. SELV-Treiber mit Schutzkleinspannung. Lebensdauer: 100.000 h (bei Tc = 65 \u00b0C). ENEC gepr\u00fcfte Sicherheit. Hohe Schaltfestigkeit. Produktvorteile: Multiwatt LED Treiber f\u00fcr den Betrieb von LED TUBE EXTERNAL T5 und T8. DALI-2.0 Schnittstelle f\u00fcr dimmbare und sensorgesteuerte Anwendungen. Geeignet f\u00fcr Notbeleuchtung. Push-DIM-Anwendung zur einfachen Steuerung. 5 Jahre Garantie. Anwendungsgebiete: Geeignet f\u00fcr Leuchten der Schutzklasse I. Allgemeinbeleuchtung in Umgebungstemperaturen von -20&#8230;+50\u00b0C. Lineare Lichtl\u00f6sungen f\u00fcr B\u00fcros, Bildungsst\u00e4tten, Lagerbereiche und Einzelhandel. Industriebeleuchtung (z.B. Fertigungsanlagen, Logistikzentren, Lagerh\u00e4user). Gesch\u00e4fte, Superm\u00e4rkte.<\/p>\n","protected":false},"excerpt":{"rendered":"<p>Konstantstrom LED Treiber EXTERNAL f\u00fcr LED TUBE EXTERNAL T5\/T8. Produkteigenschaften: Flexibilit\u00e4t durch einstellbare Ausgangsstr\u00f6me \u00fcber Dip-Schalter. Qualitatives Dimmen von 1&#8230;100 %. SELV-Treiber mit Schutzkleinspannung. Lebensdauer: 100.000 h (bei Tc = 65 \u00b0C). ENEC gepr\u00fcfte Sicherheit. Hohe Schaltfestigkeit. Produktvorteile: Multiwatt LED<span class=\"excerpt-hellip\"> [\u2026]<\/span><\/p>\n","protected":false},"featured_media":0,"template":"","meta":[],"product_brand":[],"product_cat":[87021],"product_tag":[],"class_list":{"0":"post-586922","1":"product","2":"type-product","3":"status-publish","5":"product_cat-led-betriebsgeraet-ledvance","7":"first","8":"instock","9":"taxable","10":"shipping-taxable","11":"product-type-simple"},"_links":{"self":[{"href":"https:\/\/www.arclite-shop.de\/es\/wp-json\/wp\/v2\/product\/586922","targetHints":{"allow":["GET"]}}],"collection":[{"href":"https:\/\/www.arclite-shop.de\/es\/wp-json\/wp\/v2\/product"}],"about":[{"href":"https:\/\/www.arclite-shop.de\/es\/wp-json\/wp\/v2\/types\/product"}],"wp:attachment":[{"href":"https:\/\/www.arclite-shop.de\/es\/wp-json\/wp\/v2\/media?parent=586922"}],"wp:term":[{"taxonomy":"product_brand","embeddable":true,"href":"https:\/\/www.arclite-shop.de\/es\/wp-json\/wp\/v2\/product_brand?post=586922"},{"taxonomy":"product_cat","embeddable":true,"href":"https:\/\/www.arclite-shop.de\/es\/wp-json\/wp\/v2\/product_cat?post=586922"},{"taxonomy":"product_tag","embeddable":true,"href":"https:\/\/www.arclite-shop.de\/es\/wp-json\/wp\/v2\/product_tag?post=586922"}],"curies":[{"name":"wp","href":"https:\/\/api.w.org\/{rel}","templated":true}]}}