{"id":586920,"date":"2025-03-20T10:04:05","date_gmt":"2025-03-20T09:04:05","guid":{"rendered":"https:\/\/www.arclite-shop.de\/produkt\/02-4058075844315\/"},"modified":"2026-05-04T12:10:12","modified_gmt":"2026-05-04T10:10:12","slug":"02-4058075844315","status":"publish","type":"product","link":"https:\/\/www.arclite-shop.de\/es\/produkt\/02-4058075844315\/","title":{"rendered":"Luminarias de alta bah\u00eda hasta 181 lm\/W y valores atractivos de UGR"},"content":{"rendered":"<p>Hallenleuchten bis zu 181 lm\/W und attraktiven UGR Werten. Produkteigenschaften: Multi Lumen Funktion: Leistungsstufen w\u00e4hlbar. Unterschiedliche Lichtstr\u00f6me und \u00d6ffnungswinkel f\u00fcr Montageh\u00f6hen von ~ 6 m bis 18 m in 4000 K oder 6500 K. 0-10 V dimmbar. Lebensdauer (L80\/B10): bis zu 100.000 h (bei 35 \u00b0C). Produktvorteile: Sehr vielseitig durch eine am Geh\u00e4use w\u00e4hlbare Wattageneinstellung (Multi Lumen). Verbesserte UGR im Vergleich zu fr\u00fcheren Generationen, bis zu UGR ? 19 (&lt;150W, 70\u00b0) in Kombination mit Reflektor. Hohe Lichtausbeute. Bis zu 70 % Energieersparnis verglichen mit konventionellen Hallenspiegelleuchten. Gewicht- und Gr\u00f6\u00dfenoptimierung durch kompaktes Design. Anwendungsgebiete: Ersatz f\u00fcr Hallenspiegelleuchten mit Quecksilberdampf- oder Halogen-Metalldampflampen. Lagerh\u00e4user, Logistikhallen. Industrie. Hohe Decken (z.B. in Einkaufszentren, Flugh\u00e4fen, Gesch\u00e4ftsgeb\u00e4uden, Lobbies). Technische Ausstattung: Montagering enthalten. Montageb\u00fcgel, Reflektoren und Refraktoren als separates Zubeh\u00f6r erh\u00e4ltlich.<\/p>\n","protected":false},"excerpt":{"rendered":"<p>Hallenleuchten bis zu 181 lm\/W und attraktiven UGR Werten. Produkteigenschaften: Multi Lumen Funktion: Leistungsstufen w\u00e4hlbar. Unterschiedliche Lichtstr\u00f6me und \u00d6ffnungswinkel f\u00fcr Montageh\u00f6hen von ~ 6 m bis 18 m in 4000 K oder 6500 K. 0-10 V dimmbar. Lebensdauer (L80\/B10): bis<span class=\"excerpt-hellip\"> [\u2026]<\/span><\/p>\n","protected":false},"featured_media":0,"template":"","meta":[],"product_brand":[],"product_cat":[87278],"product_tag":[],"class_list":{"0":"post-586920","1":"product","2":"type-product","3":"status-publish","5":"product_cat-hallen-reflektorleuchte","7":"first","8":"instock","9":"taxable","10":"shipping-taxable","11":"product-type-simple"},"_links":{"self":[{"href":"https:\/\/www.arclite-shop.de\/es\/wp-json\/wp\/v2\/product\/586920","targetHints":{"allow":["GET"]}}],"collection":[{"href":"https:\/\/www.arclite-shop.de\/es\/wp-json\/wp\/v2\/product"}],"about":[{"href":"https:\/\/www.arclite-shop.de\/es\/wp-json\/wp\/v2\/types\/product"}],"wp:attachment":[{"href":"https:\/\/www.arclite-shop.de\/es\/wp-json\/wp\/v2\/media?parent=586920"}],"wp:term":[{"taxonomy":"product_brand","embeddable":true,"href":"https:\/\/www.arclite-shop.de\/es\/wp-json\/wp\/v2\/product_brand?post=586920"},{"taxonomy":"product_cat","embeddable":true,"href":"https:\/\/www.arclite-shop.de\/es\/wp-json\/wp\/v2\/product_cat?post=586920"},{"taxonomy":"product_tag","embeddable":true,"href":"https:\/\/www.arclite-shop.de\/es\/wp-json\/wp\/v2\/product_tag?post=586920"}],"curies":[{"name":"wp","href":"https:\/\/api.w.org\/{rel}","templated":true}]}}