{"id":586817,"date":"2025-03-20T10:03:33","date_gmt":"2025-03-20T09:03:33","guid":{"rendered":"https:\/\/www.arclite-shop.de\/produkt\/02-4099854258572\/"},"modified":"2026-04-16T09:26:58","modified_gmt":"2026-04-16T07:26:58","slug":"02-4099854258572","status":"publish","type":"product","link":"https:\/\/www.arclite-shop.de\/es\/produkt\/02-4099854258572\/","title":{"rendered":"Tubos LED de alto rendimiento para balastos electromagn\u00e9ticos (KVG\/WG) y voltaje de red, as\u00ed como para aplicaciones con altas temperaturas ambientales"},"content":{"rendered":"<p>Leistungsstarke LED-R\u00f6hren f\u00fcr elektromagnetische Vorschaltger\u00e4te (KVG\/WG) und Netzspannung, und f\u00fcr Anwendungen mit hohen Umgebungstemperaturen. Produkteigenschaften: LED-Ersatz f\u00fcr herk\u00f6mmliche T8-Leuchtstofflampen mit G13 Sockel in KVG Leuchten oder an Netzspannung. Sehr gro\u00dfer Umgebungs-Temperaturbereich: -20&#8230;+80\u00b0C. Flimmerarm nach EU 2019\/2020 (SVM ?0,4 \/ PstLM ? 1). Lebensdauer bei 25 \u00b0C Umgebungstemperatur: bis zu 75.000 h. Lebensdauer be\u226580 \u00b0C Umgebungstemperatur: bis zu 17.500 h. Schutzart: IP20. ENEC 10 VDE-Zeichen. Quecksilberfrei und RoHS-konform. Produktvorteile: Geeignet f\u00fcr hohe Umgebungstemperaturen von mehr als +80\u00b0 C. Sehr hohe Schaltfestigkeit. Hoher Lichtstrom f\u00fcr anspruchsvolle Beleuchtungsaufgaben. Einfacher, schneller und sicherer Lampenaustausch ohne Umverdrahtung. Energieeinsparung von bis zu 62 % (gegen\u00fcber T8 Leuchtstofflampe). Volle Helligkeit ohne Aufw\u00e4rmphase, deswegen ideal geeignet in Kombination mit Sensorik. Auch geeignet f\u00fcr den Betrieb bei niedrigen Temperaturen. Anwendungsgebiete: Allgemeinbeleuchtung in Umgebungstemperaturen von -20&#8230;+80\u00b0C. Beleuchtung in industrieller Fertigung. Industrie. Technische Ausstattung: Ersatzstarter f\u00fcr LED-R\u00f6hren.<\/p>\n","protected":false},"excerpt":{"rendered":"<p>Leistungsstarke LED-R\u00f6hren f\u00fcr elektromagnetische Vorschaltger\u00e4te (KVG\/WG) und Netzspannung, und f\u00fcr Anwendungen mit hohen Umgebungstemperaturen. Produkteigenschaften: LED-Ersatz f\u00fcr herk\u00f6mmliche T8-Leuchtstofflampen mit G13 Sockel in KVG Leuchten oder an Netzspannung. Sehr gro\u00dfer Umgebungs-Temperaturbereich: -20&#8230;+80\u00b0C. Flimmerarm nach EU 2019\/2020 (SVM ?0,4 \/ PstLM<span class=\"excerpt-hellip\"> [\u2026]<\/span><\/p>\n","protected":false},"featured_media":587633,"template":"","meta":[],"product_brand":[],"product_cat":[87060],"product_tag":[],"class_list":{"0":"post-586817","1":"product","2":"type-product","3":"status-publish","4":"has-post-thumbnail","6":"product_cat-led-lampe-multi-led","8":"first","9":"instock","10":"taxable","11":"shipping-taxable","12":"product-type-simple"},"_links":{"self":[{"href":"https:\/\/www.arclite-shop.de\/es\/wp-json\/wp\/v2\/product\/586817","targetHints":{"allow":["GET"]}}],"collection":[{"href":"https:\/\/www.arclite-shop.de\/es\/wp-json\/wp\/v2\/product"}],"about":[{"href":"https:\/\/www.arclite-shop.de\/es\/wp-json\/wp\/v2\/types\/product"}],"wp:featuredmedia":[{"embeddable":true,"href":"https:\/\/www.arclite-shop.de\/es\/wp-json\/wp\/v2\/media\/587633"}],"wp:attachment":[{"href":"https:\/\/www.arclite-shop.de\/es\/wp-json\/wp\/v2\/media?parent=586817"}],"wp:term":[{"taxonomy":"product_brand","embeddable":true,"href":"https:\/\/www.arclite-shop.de\/es\/wp-json\/wp\/v2\/product_brand?post=586817"},{"taxonomy":"product_cat","embeddable":true,"href":"https:\/\/www.arclite-shop.de\/es\/wp-json\/wp\/v2\/product_cat?post=586817"},{"taxonomy":"product_tag","embeddable":true,"href":"https:\/\/www.arclite-shop.de\/es\/wp-json\/wp\/v2\/product_tag?post=586817"}],"curies":[{"name":"wp","href":"https:\/\/api.w.org\/{rel}","templated":true}]}}