{"id":586794,"date":"2025-03-20T10:03:26","date_gmt":"2025-03-20T09:03:26","guid":{"rendered":"https:\/\/www.arclite-shop.de\/produkt\/02-4099854248757\/"},"modified":"2026-04-16T09:32:56","modified_gmt":"2026-04-16T07:32:56","slug":"02-4099854248757","status":"publish","type":"product","link":"https:\/\/www.arclite-shop.de\/es\/produkt\/02-4099854248757\/","title":{"rendered":"L\u00e1mparas LED de bajo voltaje de 12 V con enchufe de retrofit"},"content":{"rendered":"<p>12 V-Niedervolt-LED-Lampen mit Retrofit-Stecksockel. Produkteigenschaften: Kompatibel mit vielen handels\u00fcblichen elektronischen Vorschaltger\u00e4ten (siehe auchKompatibilit\u00e4tsliste). LED-Alternative zu Niedervolthalogenlampen. Sockel: G4, GY6.35. Produktvorteile: Variabler Einsatz an Gleich- und Wechselspannung m\u00f6glich. Gute Rundum-Lichtausstrahlung. Ideal f\u00fcr den dekorativen und frei brennenden Einsatz. Lange Lebensdauer von bis zu 15.000 h. Vier Jahre Garantie. Geringerer Energieverbrauch als Gl\u00fch- oder Halogenlampen. Anwendungsgebiete: Dekorative Anwendungen. F\u00fcr stimmungsvolle Lichtakzente in Wohnr\u00e4umen und Partykellern. Shops, Hotels und Gastronomie. Einsatz im Au\u00dfenbereich nur in geeigneten Au\u00dfenleuchten.<\/p>\n","protected":false},"excerpt":{"rendered":"<p>12 V-Niedervolt-LED-Lampen mit Retrofit-Stecksockel. Produkteigenschaften: Kompatibel mit vielen handels\u00fcblichen elektronischen Vorschaltger\u00e4ten (siehe auchKompatibilit\u00e4tsliste). LED-Alternative zu Niedervolthalogenlampen. Sockel: G4, GY6.35. Produktvorteile: Variabler Einsatz an Gleich- und Wechselspannung m\u00f6glich. Gute Rundum-Lichtausstrahlung. Ideal f\u00fcr den dekorativen und frei brennenden Einsatz. Lange Lebensdauer von<span class=\"excerpt-hellip\"> [\u2026]<\/span><\/p>\n","protected":false},"featured_media":587769,"template":"","meta":[],"product_brand":[],"product_cat":[87060],"product_tag":[],"class_list":{"0":"post-586794","1":"product","2":"type-product","3":"status-publish","4":"has-post-thumbnail","6":"product_cat-led-lampe-multi-led","8":"first","9":"instock","10":"taxable","11":"shipping-taxable","12":"product-type-simple"},"_links":{"self":[{"href":"https:\/\/www.arclite-shop.de\/es\/wp-json\/wp\/v2\/product\/586794","targetHints":{"allow":["GET"]}}],"collection":[{"href":"https:\/\/www.arclite-shop.de\/es\/wp-json\/wp\/v2\/product"}],"about":[{"href":"https:\/\/www.arclite-shop.de\/es\/wp-json\/wp\/v2\/types\/product"}],"wp:featuredmedia":[{"embeddable":true,"href":"https:\/\/www.arclite-shop.de\/es\/wp-json\/wp\/v2\/media\/587769"}],"wp:attachment":[{"href":"https:\/\/www.arclite-shop.de\/es\/wp-json\/wp\/v2\/media?parent=586794"}],"wp:term":[{"taxonomy":"product_brand","embeddable":true,"href":"https:\/\/www.arclite-shop.de\/es\/wp-json\/wp\/v2\/product_brand?post=586794"},{"taxonomy":"product_cat","embeddable":true,"href":"https:\/\/www.arclite-shop.de\/es\/wp-json\/wp\/v2\/product_cat?post=586794"},{"taxonomy":"product_tag","embeddable":true,"href":"https:\/\/www.arclite-shop.de\/es\/wp-json\/wp\/v2\/product_tag?post=586794"}],"curies":[{"name":"wp","href":"https:\/\/api.w.org\/{rel}","templated":true}]}}