{"id":586769,"date":"2025-03-20T10:03:20","date_gmt":"2025-03-20T09:03:20","guid":{"rendered":"https:\/\/www.arclite-shop.de\/produkt\/02-4099854248788\/"},"modified":"2026-04-16T09:40:51","modified_gmt":"2026-04-16T07:40:51","slug":"02-4099854248788","status":"publish","type":"product","link":"https:\/\/www.arclite-shop.de\/es\/produkt\/02-4099854248788\/","title":{"rendered":"L\u00e1mparas LED regulables con enchufe G9 adaptado"},"content":{"rendered":"<p>Dimmbare LED-Lampen mit Retrofit-Stecksockel G9. Produkteigenschaften: Dimmbar (an vielen handels\u00fcblichen Dimmern, siehe auchwww.ledvance.de\/dim). LED-Alternative zu Hochvolthalogenlampen. Produktvorteile: Gute Rundum-Lichtausstrahlung. Sehr lange Lebensdauer von bis zu 25.000 h. Ideal f\u00fcr den dekorativen und frei brennenden Einsatz. F\u00fcnf Jahre Garantie. Geringerer Energieverbrauch als Gl\u00fch- oder Halogenlampen. Anwendungsgebiete: F\u00fcr stimmungsvolle Lichtakzente in Wohnr\u00e4umen und Partykellern. Shops, Hotels und Gastronomie. Einsatz im Au\u00dfenbereich nur in geeigneten Au\u00dfenleuchten.<\/p>\n","protected":false},"excerpt":{"rendered":"<p>Dimmbare LED-Lampen mit Retrofit-Stecksockel G9. Produkteigenschaften: Dimmbar (an vielen handels\u00fcblichen Dimmern, siehe auchwww.ledvance.de\/dim). LED-Alternative zu Hochvolthalogenlampen. Produktvorteile: Gute Rundum-Lichtausstrahlung. Sehr lange Lebensdauer von bis zu 25.000 h. Ideal f\u00fcr den dekorativen und frei brennenden Einsatz. F\u00fcnf Jahre Garantie. Geringerer Energieverbrauch<span class=\"excerpt-hellip\"> [\u2026]<\/span><\/p>\n","protected":false},"featured_media":587941,"template":"","meta":[],"product_brand":[],"product_cat":[87060],"product_tag":[],"class_list":{"0":"post-586769","1":"product","2":"type-product","3":"status-publish","4":"has-post-thumbnail","6":"product_cat-led-lampe-multi-led","8":"first","9":"instock","10":"taxable","11":"shipping-taxable","12":"product-type-simple"},"_links":{"self":[{"href":"https:\/\/www.arclite-shop.de\/es\/wp-json\/wp\/v2\/product\/586769","targetHints":{"allow":["GET"]}}],"collection":[{"href":"https:\/\/www.arclite-shop.de\/es\/wp-json\/wp\/v2\/product"}],"about":[{"href":"https:\/\/www.arclite-shop.de\/es\/wp-json\/wp\/v2\/types\/product"}],"wp:featuredmedia":[{"embeddable":true,"href":"https:\/\/www.arclite-shop.de\/es\/wp-json\/wp\/v2\/media\/587941"}],"wp:attachment":[{"href":"https:\/\/www.arclite-shop.de\/es\/wp-json\/wp\/v2\/media?parent=586769"}],"wp:term":[{"taxonomy":"product_brand","embeddable":true,"href":"https:\/\/www.arclite-shop.de\/es\/wp-json\/wp\/v2\/product_brand?post=586769"},{"taxonomy":"product_cat","embeddable":true,"href":"https:\/\/www.arclite-shop.de\/es\/wp-json\/wp\/v2\/product_cat?post=586769"},{"taxonomy":"product_tag","embeddable":true,"href":"https:\/\/www.arclite-shop.de\/es\/wp-json\/wp\/v2\/product_tag?post=586769"}],"curies":[{"name":"wp","href":"https:\/\/api.w.org\/{rel}","templated":true}]}}