{"id":586686,"date":"2025-03-20T10:02:58","date_gmt":"2025-03-20T09:02:58","guid":{"rendered":"https:\/\/www.arclite-shop.de\/produkt\/02-4099854245251\/"},"modified":"2026-04-16T10:00:40","modified_gmt":"2026-04-16T08:00:40","slug":"02-4099854245251","status":"publish","type":"product","link":"https:\/\/www.arclite-shop.de\/es\/produkt\/02-4099854245251\/","title":{"rendered":"L\u00e1mpara reflectora PAR16, CLASE B DE EFICIENCIA ENERG\u00c9TICA"},"content":{"rendered":"<p>PAR16 Reflektor Lampe,ENERGIEEFIZIENTKLASSE B. Produkteigenschaften: LED-Alternative zu Hochvolthalogenlampen. Sehr lange mittlere Lebensdauer: 50.000 h . Lichtausbeute: bis zu 180 lm\/W. Sehr hohe Schaltfestigkeit: bis zu 100.000. Produktvorteile: Design, Abmessungen, Lichtstrom vergleichbar mit einer Halogenlampe. Geringer Energieverbrauch. Sofort 100 % Licht, keine Aufw\u00e4rmzeit. Geringes flackern. Anwendungsgebiete: Anwendungen im Haushalt. Allgemeinbeleuchtung. Einsatz im Au\u00dfenbereich nur in geeigneten Au\u00dfenleuchten.<\/p>\n","protected":false},"excerpt":{"rendered":"<p>PAR16 Reflektor Lampe,ENERGIEEFIZIENTKLASSE B. Produkteigenschaften: LED-Alternative zu Hochvolthalogenlampen. Sehr lange mittlere Lebensdauer: 50.000 h . Lichtausbeute: bis zu 180 lm\/W. Sehr hohe Schaltfestigkeit: bis zu 100.000. Produktvorteile: Design, Abmessungen, Lichtstrom vergleichbar mit einer Halogenlampe. Geringer Energieverbrauch. Sofort 100 % Licht,<span class=\"excerpt-hellip\"> [\u2026]<\/span><\/p>\n","protected":false},"featured_media":588399,"template":"","meta":[],"product_brand":[],"product_cat":[87060],"product_tag":[],"class_list":{"0":"post-586686","1":"product","2":"type-product","3":"status-publish","4":"has-post-thumbnail","6":"product_cat-led-lampe-multi-led","8":"first","9":"instock","10":"taxable","11":"shipping-taxable","12":"product-type-simple"},"_links":{"self":[{"href":"https:\/\/www.arclite-shop.de\/es\/wp-json\/wp\/v2\/product\/586686","targetHints":{"allow":["GET"]}}],"collection":[{"href":"https:\/\/www.arclite-shop.de\/es\/wp-json\/wp\/v2\/product"}],"about":[{"href":"https:\/\/www.arclite-shop.de\/es\/wp-json\/wp\/v2\/types\/product"}],"wp:featuredmedia":[{"embeddable":true,"href":"https:\/\/www.arclite-shop.de\/es\/wp-json\/wp\/v2\/media\/588399"}],"wp:attachment":[{"href":"https:\/\/www.arclite-shop.de\/es\/wp-json\/wp\/v2\/media?parent=586686"}],"wp:term":[{"taxonomy":"product_brand","embeddable":true,"href":"https:\/\/www.arclite-shop.de\/es\/wp-json\/wp\/v2\/product_brand?post=586686"},{"taxonomy":"product_cat","embeddable":true,"href":"https:\/\/www.arclite-shop.de\/es\/wp-json\/wp\/v2\/product_cat?post=586686"},{"taxonomy":"product_tag","embeddable":true,"href":"https:\/\/www.arclite-shop.de\/es\/wp-json\/wp\/v2\/product_tag?post=586686"}],"curies":[{"name":"wp","href":"https:\/\/api.w.org\/{rel}","templated":true}]}}