{"id":586632,"date":"2025-03-20T10:02:39","date_gmt":"2025-03-20T09:02:39","guid":{"rendered":"https:\/\/www.arclite-shop.de\/produkt\/02-4099854232879\/"},"modified":"2026-04-16T10:19:17","modified_gmt":"2026-04-16T08:19:17","slug":"02-4099854232879","status":"publish","type":"product","link":"https:\/\/www.arclite-shop.de\/es\/produkt\/02-4099854232879\/","title":{"rendered":"L\u00e1mparas LED regulables en forma de varilla"},"content":{"rendered":"<p>Dimmbare stabf\u00f6rmige LED-Lampen. Produkteigenschaften: LED-Alternative zu stabf\u00f6rmigen Gl\u00fchlampen. Dimmbar (an vielen handels\u00fcblichen Dimmern, siehe auchwww.ledvance.de\/dim). F\u00fcr besonders homogene Ausleuchtung. Produktvorteile: Sehr gute Farbwiedergabe (Ra ? 90). Sehr lange Lebensdauer von bis zu 25.000 h. Geringerer Energieverbrauch als Gl\u00fch- oder Halogenlampen. Anwendungsgebiete: Ideal f\u00fcr Spiegelbeleuchtung. Hotels, Restaurants. Anwendungen im Haushalt. Einsatz im Au\u00dfenbereich nur in geeigneten Au\u00dfenleuchten.<\/p>\n","protected":false},"excerpt":{"rendered":"<p>Dimmbare stabf\u00f6rmige LED-Lampen. Produkteigenschaften: LED-Alternative zu stabf\u00f6rmigen Gl\u00fchlampen. Dimmbar (an vielen handels\u00fcblichen Dimmern, siehe auchwww.ledvance.de\/dim). F\u00fcr besonders homogene Ausleuchtung. Produktvorteile: Sehr gute Farbwiedergabe (Ra ? 90). Sehr lange Lebensdauer von bis zu 25.000 h. Geringerer Energieverbrauch als Gl\u00fch- oder Halogenlampen.<span class=\"excerpt-hellip\"> [\u2026]<\/span><\/p>\n","protected":false},"featured_media":588803,"template":"","meta":[],"product_brand":[],"product_cat":[87060],"product_tag":[],"class_list":{"0":"post-586632","1":"product","2":"type-product","3":"status-publish","4":"has-post-thumbnail","6":"product_cat-led-lampe-multi-led","8":"first","9":"instock","10":"taxable","11":"shipping-taxable","12":"product-type-simple"},"_links":{"self":[{"href":"https:\/\/www.arclite-shop.de\/es\/wp-json\/wp\/v2\/product\/586632","targetHints":{"allow":["GET"]}}],"collection":[{"href":"https:\/\/www.arclite-shop.de\/es\/wp-json\/wp\/v2\/product"}],"about":[{"href":"https:\/\/www.arclite-shop.de\/es\/wp-json\/wp\/v2\/types\/product"}],"wp:featuredmedia":[{"embeddable":true,"href":"https:\/\/www.arclite-shop.de\/es\/wp-json\/wp\/v2\/media\/588803"}],"wp:attachment":[{"href":"https:\/\/www.arclite-shop.de\/es\/wp-json\/wp\/v2\/media?parent=586632"}],"wp:term":[{"taxonomy":"product_brand","embeddable":true,"href":"https:\/\/www.arclite-shop.de\/es\/wp-json\/wp\/v2\/product_brand?post=586632"},{"taxonomy":"product_cat","embeddable":true,"href":"https:\/\/www.arclite-shop.de\/es\/wp-json\/wp\/v2\/product_cat?post=586632"},{"taxonomy":"product_tag","embeddable":true,"href":"https:\/\/www.arclite-shop.de\/es\/wp-json\/wp\/v2\/product_tag?post=586632"}],"curies":[{"name":"wp","href":"https:\/\/api.w.org\/{rel}","templated":true}]}}