{"id":586627,"date":"2025-03-20T10:02:38","date_gmt":"2025-03-20T09:02:38","guid":{"rendered":"https:\/\/www.arclite-shop.de\/produkt\/02-4099854223310\/"},"modified":"2026-04-16T10:19:53","modified_gmt":"2026-04-16T08:19:53","slug":"02-4099854223310","status":"publish","type":"product","link":"https:\/\/www.arclite-shop.de\/es\/produkt\/02-4099854223310\/","title":{"rendered":"Tubos LED de alto rendimiento para balastos electromagn\u00e9ticos (KVG\/WG) y tensi\u00f3n de red, EEK A"},"content":{"rendered":"<p>Leistungsstarke LED-R\u00f6hren f\u00fcr elektromagnetische Vorschaltger\u00e4te (KVG\/WG) und Netzspannung, EEK A. Produkteigenschaften: LED-Ersatz f\u00fcr herk\u00f6mmliche T8-Leuchtstofflampen mit G13 Sockel in KVG Leuchten oder an Netzspannung. Extrem hohe Effizienz von 210 lm\/W. Flimmerarm nach EU 2019\/2020 (SVM ?0,4 \/ PstLM ? 1). ENEC 10 VDE-Zeichen. Lebensdauer: bis zu 100.000 h. Schutzart: IP20. Quecksilberfrei und RoHS-konform. Produktvorteile: H\u00f6chstm\u00f6gliche Energieeinsparungen dank Energieeffzienzklasse A. Kein Durchh\u00e4ngen dank Glastechnik. Unterst\u00fctzen bei der Umsetzung der HACCP-Konzepte von der Produktion bis hin zur Warenpr\u00e4sentation. Sehr hohe Schaltfestigkeit. Einfacher, schneller und sicherer Lampenaustausch ohne Umverdrahtung. Energieeinsparung von bis zu 72 % (gegen\u00fcber T8 Leuchtstofflampe). Volle Helligkeit ohne Aufw\u00e4rmphase, deswegen ideal geeignet in Kombination mit Sensorik. Auch geeignet f\u00fcr den Betrieb bei niedrigen Temperaturen. Anwendungsgebiete: Allgemeinbeleuchtung in Umgebungstemperaturen von -20&#8230;+50 \u00b0C. Beleuchtung in industrieller Fertigung. Verkehrszonen und Korridore. Superm\u00e4rkte und Warenh\u00e4user. Industrie. Technische Ausstattung: Geeignet f\u00fcr den Betrieb mit verlustarmen und konventionellen Vorschaltger\u00e4ten.<\/p>\n","protected":false},"excerpt":{"rendered":"<p>Leistungsstarke LED-R\u00f6hren f\u00fcr elektromagnetische Vorschaltger\u00e4te (KVG\/WG) und Netzspannung, EEK A. Produkteigenschaften: LED-Ersatz f\u00fcr herk\u00f6mmliche T8-Leuchtstofflampen mit G13 Sockel in KVG Leuchten oder an Netzspannung. Extrem hohe Effizienz von 210 lm\/W. Flimmerarm nach EU 2019\/2020 (SVM ?0,4 \/ PstLM ? 1).<span class=\"excerpt-hellip\"> [\u2026]<\/span><\/p>\n","protected":false},"featured_media":365464,"template":"","meta":[],"product_brand":[],"product_cat":[87060],"product_tag":[],"class_list":{"0":"post-586627","1":"product","2":"type-product","3":"status-publish","4":"has-post-thumbnail","6":"product_cat-led-lampe-multi-led","8":"first","9":"instock","10":"taxable","11":"shipping-taxable","12":"product-type-simple"},"_links":{"self":[{"href":"https:\/\/www.arclite-shop.de\/es\/wp-json\/wp\/v2\/product\/586627","targetHints":{"allow":["GET"]}}],"collection":[{"href":"https:\/\/www.arclite-shop.de\/es\/wp-json\/wp\/v2\/product"}],"about":[{"href":"https:\/\/www.arclite-shop.de\/es\/wp-json\/wp\/v2\/types\/product"}],"wp:featuredmedia":[{"embeddable":true,"href":"https:\/\/www.arclite-shop.de\/es\/wp-json\/wp\/v2\/media\/365464"}],"wp:attachment":[{"href":"https:\/\/www.arclite-shop.de\/es\/wp-json\/wp\/v2\/media?parent=586627"}],"wp:term":[{"taxonomy":"product_brand","embeddable":true,"href":"https:\/\/www.arclite-shop.de\/es\/wp-json\/wp\/v2\/product_brand?post=586627"},{"taxonomy":"product_cat","embeddable":true,"href":"https:\/\/www.arclite-shop.de\/es\/wp-json\/wp\/v2\/product_cat?post=586627"},{"taxonomy":"product_tag","embeddable":true,"href":"https:\/\/www.arclite-shop.de\/es\/wp-json\/wp\/v2\/product_tag?post=586627"}],"curies":[{"name":"wp","href":"https:\/\/api.w.org\/{rel}","templated":true}]}}