{"id":586602,"date":"2025-03-20T10:02:30","date_gmt":"2025-03-20T09:02:30","guid":{"rendered":"https:\/\/www.arclite-shop.de\/produkt\/02-4099854178139\/"},"modified":"2026-04-16T10:29:20","modified_gmt":"2026-04-16T08:29:20","slug":"02-4099854178139","status":"publish","type":"product","link":"https:\/\/www.arclite-shop.de\/es\/produkt\/02-4099854178139\/","title":{"rendered":"Tubos LED para promover el crecimiento de las plantas"},"content":{"rendered":"<p>LED-R\u00f6hren zur F\u00f6rderung des Pflanzenwachstums. Produkteigenschaften: LED-Ersatz f\u00fcr herk\u00f6mmliche T8-Leuchtstofflampen mit G13 Sockel in KVG Leuchten. T8-LED-R\u00f6hre aus Glas mit G13-Sockel. Flimmerarm nach EU 2019\/2020 (SVM ?0,4 \/ PstLM ? 1). Quecksilberfrei und RoHS-konform. Einzel- und Tandembetrieb an konventionellem Vorschaltger\u00e4t (Versionen ?0.9 m). Schutzart: IP20. Produktvorteile: F\u00f6rdert das Pflanzenwachstum. Hohe Farbhomogenit\u00e4t. Energieeinsparung von bis zu 69 % gegen\u00fcber herk\u00f6mmlichen T8-Leuchtstofflampen. Flackerfreier Sofortstart. Anwendungsgebiete: \u00dcberall dort, wo das nat\u00fcrliche Tageslicht allein f\u00fcr Pflanzen nicht ausreicht. F\u00fcr Umgebungstemperaturen von -20&#8230;+45 \u00b0C. Technische Ausstattung: Geeignet f\u00fcr den Betrieb an magnetischen Vorschaltger\u00e4ten.<\/p>\n","protected":false},"excerpt":{"rendered":"<p>LED-R\u00f6hren zur F\u00f6rderung des Pflanzenwachstums. Produkteigenschaften: LED-Ersatz f\u00fcr herk\u00f6mmliche T8-Leuchtstofflampen mit G13 Sockel in KVG Leuchten. T8-LED-R\u00f6hre aus Glas mit G13-Sockel. Flimmerarm nach EU 2019\/2020 (SVM ?0,4 \/ PstLM ? 1). Quecksilberfrei und RoHS-konform. Einzel- und Tandembetrieb an konventionellem Vorschaltger\u00e4t<span class=\"excerpt-hellip\"> [\u2026]<\/span><\/p>\n","protected":false},"featured_media":588995,"template":"","meta":[],"product_brand":[],"product_cat":[87060],"product_tag":[],"class_list":{"0":"post-586602","1":"product","2":"type-product","3":"status-publish","4":"has-post-thumbnail","6":"product_cat-led-lampe-multi-led","8":"first","9":"instock","10":"taxable","11":"shipping-taxable","12":"product-type-simple"},"_links":{"self":[{"href":"https:\/\/www.arclite-shop.de\/es\/wp-json\/wp\/v2\/product\/586602","targetHints":{"allow":["GET"]}}],"collection":[{"href":"https:\/\/www.arclite-shop.de\/es\/wp-json\/wp\/v2\/product"}],"about":[{"href":"https:\/\/www.arclite-shop.de\/es\/wp-json\/wp\/v2\/types\/product"}],"wp:featuredmedia":[{"embeddable":true,"href":"https:\/\/www.arclite-shop.de\/es\/wp-json\/wp\/v2\/media\/588995"}],"wp:attachment":[{"href":"https:\/\/www.arclite-shop.de\/es\/wp-json\/wp\/v2\/media?parent=586602"}],"wp:term":[{"taxonomy":"product_brand","embeddable":true,"href":"https:\/\/www.arclite-shop.de\/es\/wp-json\/wp\/v2\/product_brand?post=586602"},{"taxonomy":"product_cat","embeddable":true,"href":"https:\/\/www.arclite-shop.de\/es\/wp-json\/wp\/v2\/product_cat?post=586602"},{"taxonomy":"product_tag","embeddable":true,"href":"https:\/\/www.arclite-shop.de\/es\/wp-json\/wp\/v2\/product_tag?post=586602"}],"curies":[{"name":"wp","href":"https:\/\/api.w.org\/{rel}","templated":true}]}}