{"id":586582,"date":"2025-03-20T10:02:24","date_gmt":"2025-03-20T09:02:24","guid":{"rendered":"https:\/\/www.arclite-shop.de\/produkt\/02-4099854185328\/"},"modified":"2026-04-16T10:37:52","modified_gmt":"2026-04-16T08:37:52","slug":"02-4099854185328","status":"publish","type":"product","link":"https:\/\/www.arclite-shop.de\/es\/produkt\/02-4099854185328\/","title":{"rendered":"Luces de pared gris oscuro para entradas a casas con difusor esmerilado y sensor opcional"},"content":{"rendered":"<p>Dunkelgraue Wandleuchten f\u00fcr Hauseing\u00e4nge mit mattiertem Diffusor und optionalem Sensor. Produkteigenschaften: Option mit PIR-Bewegungsmelder und Tageslichtsensor, passend zur Geh\u00e4usefarbe verf\u00fcgbar. Schutzart: IP44. ABS Geh\u00e4use. Polycarbonat-Diffusor (PC). Produktvorteile: Einfache und schnelle Installation. Hochwertige Materialien. Anwendungsgebiete: Garagen. Eingangsbereiche. Technische Ausstattung: Vollst\u00e4ndiges Montage- und Anschlusszubeh\u00f6r enthalten. Inklusive Montageschrauben und D\u00fcbel.<\/p>\n","protected":false},"excerpt":{"rendered":"<p>Dunkelgraue Wandleuchten f\u00fcr Hauseing\u00e4nge mit mattiertem Diffusor und optionalem Sensor. Produkteigenschaften: Option mit PIR-Bewegungsmelder und Tageslichtsensor, passend zur Geh\u00e4usefarbe verf\u00fcgbar. Schutzart: IP44. ABS Geh\u00e4use. Polycarbonat-Diffusor (PC). Produktvorteile: Einfache und schnelle Installation. Hochwertige Materialien. Anwendungsgebiete: Garagen. Eingangsbereiche. Technische Ausstattung: Vollst\u00e4ndiges Montage-<span class=\"excerpt-hellip\"> [\u2026]<\/span><\/p>\n","protected":false},"featured_media":589217,"template":"","meta":[],"product_brand":[],"product_cat":[87052],"product_tag":[],"class_list":{"0":"post-586582","1":"product","2":"type-product","3":"status-publish","4":"has-post-thumbnail","6":"product_cat-decken-wandleuchte","8":"first","9":"instock","10":"taxable","11":"shipping-taxable","12":"product-type-simple"},"_links":{"self":[{"href":"https:\/\/www.arclite-shop.de\/es\/wp-json\/wp\/v2\/product\/586582","targetHints":{"allow":["GET"]}}],"collection":[{"href":"https:\/\/www.arclite-shop.de\/es\/wp-json\/wp\/v2\/product"}],"about":[{"href":"https:\/\/www.arclite-shop.de\/es\/wp-json\/wp\/v2\/types\/product"}],"wp:featuredmedia":[{"embeddable":true,"href":"https:\/\/www.arclite-shop.de\/es\/wp-json\/wp\/v2\/media\/589217"}],"wp:attachment":[{"href":"https:\/\/www.arclite-shop.de\/es\/wp-json\/wp\/v2\/media?parent=586582"}],"wp:term":[{"taxonomy":"product_brand","embeddable":true,"href":"https:\/\/www.arclite-shop.de\/es\/wp-json\/wp\/v2\/product_brand?post=586582"},{"taxonomy":"product_cat","embeddable":true,"href":"https:\/\/www.arclite-shop.de\/es\/wp-json\/wp\/v2\/product_cat?post=586582"},{"taxonomy":"product_tag","embeddable":true,"href":"https:\/\/www.arclite-shop.de\/es\/wp-json\/wp\/v2\/product_tag?post=586582"}],"curies":[{"name":"wp","href":"https:\/\/api.w.org\/{rel}","templated":true}]}}