{"id":586571,"date":"2025-03-20T10:02:21","date_gmt":"2025-03-20T09:02:21","guid":{"rendered":"https:\/\/www.arclite-shop.de\/produkt\/02-4099854144431\/"},"modified":"2026-04-16T10:40:45","modified_gmt":"2026-04-16T08:40:45","slug":"02-4099854144431","status":"publish","type":"product","link":"https:\/\/www.arclite-shop.de\/es\/produkt\/02-4099854144431\/","title":{"rendered":"Los tubos LED para lastres electromagn\u00e9ticos (KVG\/VVG) funcionan con los sensores conectados y protecci\u00f3n contra astillas"},"content":{"rendered":"<p>LED-R\u00f6hre f\u00fcr elektromagnetische Vorschaltger\u00e4te (KVG\/VVG) funktionieren mit den Connected Sensoren, Splitterschutz. Produkteigenschaften: Netzwerkprotokoll: ZigBee 3.0 (2.4 GHz Mesh Network). LED TUBE T8 EM Connected kann nur mit dem LEDVANCE Connected Sensor betrieben werden. Produktvorteile: Kein Durchh\u00e4ngen dank Glastechnik. Splitterschutz dank spezieller PET-Beschichtung. Kurze Amortisationszeit dank geringem Energieverbrauch und niedrigen Wartungskosten. Anwendungsgebiete: Allgemeinbeleuchtung in Umgebungstemperaturen von -20&#8230;+50\u00b0C. Parkgaragen, Lagerfl\u00e4chen, Fertigungsbereiche. Industrie. B\u00fcros.<\/p>\n","protected":false},"excerpt":{"rendered":"<p>LED-R\u00f6hre f\u00fcr elektromagnetische Vorschaltger\u00e4te (KVG\/VVG) funktionieren mit den Connected Sensoren, Splitterschutz. Produkteigenschaften: Netzwerkprotokoll: ZigBee 3.0 (2.4 GHz Mesh Network). LED TUBE T8 EM Connected kann nur mit dem LEDVANCE Connected Sensor betrieben werden. Produktvorteile: Kein Durchh\u00e4ngen dank Glastechnik. Splitterschutz dank<span class=\"excerpt-hellip\"> [\u2026]<\/span><\/p>\n","protected":false},"featured_media":365548,"template":"","meta":[],"product_brand":[],"product_cat":[87060],"product_tag":[],"class_list":{"0":"post-586571","1":"product","2":"type-product","3":"status-publish","4":"has-post-thumbnail","6":"product_cat-led-lampe-multi-led","8":"first","9":"instock","10":"taxable","11":"shipping-taxable","12":"product-type-simple"},"_links":{"self":[{"href":"https:\/\/www.arclite-shop.de\/es\/wp-json\/wp\/v2\/product\/586571","targetHints":{"allow":["GET"]}}],"collection":[{"href":"https:\/\/www.arclite-shop.de\/es\/wp-json\/wp\/v2\/product"}],"about":[{"href":"https:\/\/www.arclite-shop.de\/es\/wp-json\/wp\/v2\/types\/product"}],"wp:featuredmedia":[{"embeddable":true,"href":"https:\/\/www.arclite-shop.de\/es\/wp-json\/wp\/v2\/media\/365548"}],"wp:attachment":[{"href":"https:\/\/www.arclite-shop.de\/es\/wp-json\/wp\/v2\/media?parent=586571"}],"wp:term":[{"taxonomy":"product_brand","embeddable":true,"href":"https:\/\/www.arclite-shop.de\/es\/wp-json\/wp\/v2\/product_brand?post=586571"},{"taxonomy":"product_cat","embeddable":true,"href":"https:\/\/www.arclite-shop.de\/es\/wp-json\/wp\/v2\/product_cat?post=586571"},{"taxonomy":"product_tag","embeddable":true,"href":"https:\/\/www.arclite-shop.de\/es\/wp-json\/wp\/v2\/product_tag?post=586571"}],"curies":[{"name":"wp","href":"https:\/\/api.w.org\/{rel}","templated":true}]}}